{"id":3521,"date":"2025-11-10T15:50:50","date_gmt":"2025-11-10T14:50:50","guid":{"rendered":"https:\/\/www.hotelsporting-morzine.com.preprod.eliophot.dev\/?page_id=3521"},"modified":"2026-05-04T16:31:03","modified_gmt":"2026-05-04T14:31:03","slug":"hotel","status":"publish","type":"page","link":"https:\/\/www.hotelsporting-morzine.com.preprod.eliophot.dev\/en\/hotel\/","title":{"rendered":"Hotel"},"content":{"rendered":"\t\t<div data-elementor-type=\"wp-page\" data-elementor-id=\"3521\" class=\"elementor elementor-3521\" data-elementor-post-type=\"page\">\n\t\t\t\t<div class=\"elementor-element elementor-element-085c7b9 e-con-full e-flex e-con e-parent\" data-id=\"085c7b9\" data-element_type=\"container\" data-e-type=\"container\" data-settings=\"{&quot;background_background&quot;:&quot;classic&quot;}\">\n\t\t\t\t<div class=\"elementor-element elementor-element-e911aff elementor-widget elementor-widget-heading\" data-id=\"e911aff\" data-element_type=\"widget\" data-e-type=\"widget\" data-widget_type=\"heading.default\">\n\t\t\t\t<div class=\"elementor-widget-container\">\n\t\t\t\t\t<span class=\"elementor-heading-title elementor-size-default\">L'H\u00f4tel<\/span>\t\t\t\t<\/div>\n\t\t\t\t<\/div>\n\t\t\t\t<div class=\"elementor-element elementor-element-9a42b75 elementor-widget elementor-widget-heading\" data-id=\"9a42b75\" data-element_type=\"widget\" data-e-type=\"widget\" data-widget_type=\"heading.default\">\n\t\t\t\t<div class=\"elementor-widget-container\">\n\t\t\t\t\t<h1 class=\"elementor-heading-title elementor-size-default\">Votre h\u00f4tel avec piscine \u00e0 Morzine<\/h1>\t\t\t\t<\/div>\n\t\t\t\t<\/div>\n\t\t\t\t<\/div>\n\t\t<div class=\"elementor-element elementor-element-6dd444a e-con-full fade-bloc e-flex e-con e-parent\" data-id=\"6dd444a\" data-element_type=\"container\" data-e-type=\"container\">\n\t\t<div class=\"elementor-element elementor-element-d6253a9 e-con-full e-flex e-con e-child\" data-id=\"d6253a9\" data-element_type=\"container\" data-e-type=\"container\" data-settings=\"{&quot;background_background&quot;:&quot;slideshow&quot;,&quot;background_slideshow_gallery&quot;:[{&quot;id&quot;:4212,&quot;url&quot;:&quot;https:\\\/\\\/www.hotelsporting-morzine.com.preprod.eliophot.dev\\\/wp-content\\\/uploads\\\/2026\\\/04\\\/sporting-famille-histoire.jpg&quot;},{&quot;id&quot;:3638,&quot;url&quot;:&quot;https:\\\/\\\/www.hotelsporting-morzine.com.preprod.eliophot.dev\\\/wp-content\\\/uploads\\\/2025\\\/11\\\/morzine.jpg&quot;}],&quot;background_slideshow_slide_duration&quot;:3000,&quot;background_slideshow_loop&quot;:&quot;yes&quot;,&quot;background_slideshow_slide_transition&quot;:&quot;fade&quot;,&quot;background_slideshow_transition_duration&quot;:500}\">\n\t\t\t\t<\/div>\n\t\t<div class=\"elementor-element elementor-element-002b89f e-con-full fade-content e-flex e-con e-child\" data-id=\"002b89f\" data-element_type=\"container\" data-e-type=\"container\" data-settings=\"{&quot;background_background&quot;:&quot;classic&quot;}\">\n\t\t<div class=\"elementor-element elementor-element-e1fe8f1 e-flex e-con-boxed e-con e-child\" data-id=\"e1fe8f1\" data-element_type=\"container\" data-e-type=\"container\">\n\t\t\t\t\t<div class=\"e-con-inner\">\n\t\t\t\t<div class=\"elementor-element elementor-element-f2cffa2 fade-title elementor-widget elementor-widget-heading\" data-id=\"f2cffa2\" data-element_type=\"widget\" data-e-type=\"widget\" data-widget_type=\"heading.default\">\n\t\t\t\t<div class=\"elementor-widget-container\">\n\t\t\t\t\t<h2 class=\"elementor-heading-title elementor-size-default\">Une belle histoire de famille<\/h2>\t\t\t\t<\/div>\n\t\t\t\t<\/div>\n\t\t\t\t<div class=\"elementor-element elementor-element-2d93bc6 fade-text elementor-widget elementor-widget-text-editor\" data-id=\"2d93bc6\" data-element_type=\"widget\" data-e-type=\"widget\" data-widget_type=\"text-editor.default\">\n\t\t\t\t<div class=\"elementor-widget-container\">\n\t\t\t\t\t\t\t\t\t<p>En 1934, Morzine inaugure en grande pompe le t\u00e9l\u00e9ph\u00e9rique du Pl\u00e9ney qu&rsquo;on empruntait alors uniquement pour la balade et le point de vue sur les Alpes, r\u00e9servant le ski aux prairies rassurantes de la vall\u00e9e.<br \/>C&rsquo;est un peu avant la guerre qu&rsquo;Andr\u00e9e et Fran\u00e7ois Passaquin transformeront la ferme familiale pour ouvrir \u00ab l\u2019h\u00f4tel des Sports \u00bb, un des premiers \u00e9tablissements \u00e0 accueillir les touristes \u00e0 Morzine.<\/p>\t\t\t\t\t\t\t\t<\/div>\n\t\t\t\t<\/div>\n\t\t\t\t\t<\/div>\n\t\t\t\t<\/div>\n\t\t\t\t<\/div>\n\t\t\t\t<\/div>\n\t\t<div class=\"elementor-element elementor-element-b9478ca e-con-full fade-bloc e-flex e-con e-parent\" data-id=\"b9478ca\" data-element_type=\"container\" data-e-type=\"container\">\n\t\t<div class=\"elementor-element elementor-element-2e5a891 e-con-full fade-content e-flex e-con e-child\" data-id=\"2e5a891\" data-element_type=\"container\" data-e-type=\"container\" data-settings=\"{&quot;background_background&quot;:&quot;classic&quot;}\">\n\t\t<div class=\"elementor-element elementor-element-10c1830 e-flex e-con-boxed e-con e-child\" data-id=\"10c1830\" data-element_type=\"container\" data-e-type=\"container\">\n\t\t\t\t\t<div class=\"e-con-inner\">\n\t\t\t\t<div class=\"elementor-element elementor-element-26ee983 fade-title elementor-widget elementor-widget-heading\" data-id=\"26ee983\" data-element_type=\"widget\" data-e-type=\"widget\" data-widget_type=\"heading.default\">\n\t\t\t\t<div class=\"elementor-widget-container\">\n\t\t\t\t\t<h2 class=\"elementor-heading-title elementor-size-default\">Le Sporting \u00e0 Morzine<\/h2>\t\t\t\t<\/div>\n\t\t\t\t<\/div>\n\t\t\t\t<div class=\"elementor-element elementor-element-e45fc6c fade-text elementor-widget elementor-widget-text-editor\" data-id=\"e45fc6c\" data-element_type=\"widget\" data-e-type=\"widget\" data-widget_type=\"text-editor.default\">\n\t\t\t\t<div class=\"elementor-widget-container\">\n\t\t\t\t\t\t\t\t\t<p>Malheureusement, la p\u00e9riode difficile qui suivit les obligera \u00e0 fermer jusqu\u2019en 1945 o\u00f9 ils pourront enfin se consacrer enti\u00e8rement \u00e0 l\u2019accueil des vacanciers. Fran\u00e7ois, menuisier de m\u00e9tier, aura d\u00e9j\u00e0 \u00e0 c\u0153ur de faire d\u00e9couvrir \u00e0 ses clients la chaleur du bois en entretenant et en r\u00e9novant sans cesse l\u2019h\u00f4tel tandis qu&rsquo;Andr\u00e9e, adroite couturi\u00e8re, s\u2019occupera des int\u00e9rieurs.<\/p><p>\u00a0<\/p><p>Leur fils Claude, qui apprendra le m\u00e9tier de cuisinier, les rejoindra tr\u00e8s vite et reprendra l\u2019affaire avec sa femme Christiane dans les ann\u00e9es 80. Ils rebaptiseront l\u2019h\u00f4tel \u00ab Le Sporting \u00bb. Amoureux du bon go\u00fbt et dou\u00e9 pour le travail du bois, Claude, \u00e0 son tour, n\u2019aura de cesse d\u2019embellir et de faire \u00e9voluer l\u2019h\u00f4tel tandis que Christiane apportera sa touche personnelle \u00e0 la d\u00e9coration du chalet et son d\u00e9vouement \u00e0 l\u2019accueil des clients.<\/p>\t\t\t\t\t\t\t\t<\/div>\n\t\t\t\t<\/div>\n\t\t\t\t\t<\/div>\n\t\t\t\t<\/div>\n\t\t\t\t<\/div>\n\t\t<div class=\"elementor-element elementor-element-f7d4eee e-con-full e-flex e-con e-child\" data-id=\"f7d4eee\" data-element_type=\"container\" data-e-type=\"container\" data-settings=\"{&quot;background_background&quot;:&quot;classic&quot;}\">\n\t\t\t\t<\/div>\n\t\t\t\t<\/div>\n\t\t<div class=\"elementor-element elementor-element-c3da9a0 e-con-full fade-bloc e-flex e-con e-parent\" data-id=\"c3da9a0\" data-element_type=\"container\" data-e-type=\"container\">\n\t\t<div class=\"elementor-element elementor-element-d67a5e4 e-con-full e-flex e-con e-child\" data-id=\"d67a5e4\" data-element_type=\"container\" data-e-type=\"container\" data-settings=\"{&quot;background_background&quot;:&quot;slideshow&quot;,&quot;background_slideshow_gallery&quot;:[{&quot;id&quot;:3910,&quot;url&quot;:&quot;https:\\\/\\\/www.hotelsporting-morzine.com.preprod.eliophot.dev\\\/wp-content\\\/uploads\\\/2025\\\/12\\\/488311608_9642197862485554_7461965764076523058_n.jpg&quot;},{&quot;id&quot;:3911,&quot;url&quot;:&quot;https:\\\/\\\/www.hotelsporting-morzine.com.preprod.eliophot.dev\\\/wp-content\\\/uploads\\\/2025\\\/12\\\/480273843_9384545168250826_5481970318478087956_n.jpg&quot;},{&quot;id&quot;:3912,&quot;url&quot;:&quot;https:\\\/\\\/www.hotelsporting-morzine.com.preprod.eliophot.dev\\\/wp-content\\\/uploads\\\/2025\\\/12\\\/199437287_4225479324157462_8305675529726040054_n.jpg&quot;},{&quot;id&quot;:3913,&quot;url&quot;:&quot;https:\\\/\\\/www.hotelsporting-morzine.com.preprod.eliophot.dev\\\/wp-content\\\/uploads\\\/2025\\\/12\\\/9422_20230709_182527_299922510_original-scaled.jpg&quot;}],&quot;background_slideshow_loop&quot;:&quot;yes&quot;,&quot;background_slideshow_slide_duration&quot;:5000,&quot;background_slideshow_slide_transition&quot;:&quot;fade&quot;,&quot;background_slideshow_transition_duration&quot;:500}\">\n\t\t\t\t<\/div>\n\t\t<div class=\"elementor-element elementor-element-c259f9a e-con-full fade-content e-flex e-con e-child\" data-id=\"c259f9a\" data-element_type=\"container\" data-e-type=\"container\" data-settings=\"{&quot;background_background&quot;:&quot;classic&quot;}\">\n\t\t<div class=\"elementor-element elementor-element-edb667f e-flex e-con-boxed e-con e-child\" data-id=\"edb667f\" data-element_type=\"container\" data-e-type=\"container\">\n\t\t\t\t\t<div class=\"e-con-inner\">\n\t\t\t\t<div class=\"elementor-element elementor-element-0cf25c4 fade-title elementor-widget elementor-widget-heading\" data-id=\"0cf25c4\" data-element_type=\"widget\" data-e-type=\"widget\" data-widget_type=\"heading.default\">\n\t\t\t\t<div class=\"elementor-widget-container\">\n\t\t\t\t\t<h2 class=\"elementor-heading-title elementor-size-default\">Passion, sommets et partage<\/h2>\t\t\t\t<\/div>\n\t\t\t\t<\/div>\n\t\t\t\t<div class=\"elementor-element elementor-element-552af50 fade-text elementor-widget elementor-widget-text-editor\" data-id=\"552af50\" data-element_type=\"widget\" data-e-type=\"widget\" data-widget_type=\"text-editor.default\">\n\t\t\t\t<div class=\"elementor-widget-container\">\n\t\t\t\t\t\t\t\t\t<p>Aujourd\u2019hui, le Sporting est exploit\u00e9 par Nad\u00e8ge \u00ab la fille de la maison \u00bb et son mari Fred, C\u2019est une histoire de passion, de sommets et de partage.<br \/><br \/>Chaque s\u00e9jour raconte une histoire, celle d\u2019une famille unie par l\u2019amour de la montagne et du sport depuis quatre g\u00e9n\u00e9rations.<br \/>Ici, la convivialit\u00e9 se vit comme une tradition, entre chaleur du bois, rires autour d\u2019une bonne bouteille au coin du bar et moments simples partag\u00e9s apr\u00e8s l\u2019effort.<strong><br \/><\/strong><\/p>\t\t\t\t\t\t\t\t<\/div>\n\t\t\t\t<\/div>\n\t\t\t\t\t<\/div>\n\t\t\t\t<\/div>\n\t\t\t\t<\/div>\n\t\t\t\t<\/div>\n\t\t<div class=\"elementor-element elementor-element-fc67c0e e-con-full fade-bloc e-flex e-con e-parent\" data-id=\"fc67c0e\" data-element_type=\"container\" data-e-type=\"container\">\n\t\t<div class=\"elementor-element elementor-element-f53d017 e-con-full fade-content e-flex e-con e-child\" data-id=\"f53d017\" data-element_type=\"container\" data-e-type=\"container\" data-settings=\"{&quot;background_background&quot;:&quot;classic&quot;}\">\n\t\t<div class=\"elementor-element elementor-element-8c31070 e-flex e-con-boxed e-con e-child\" data-id=\"8c31070\" data-element_type=\"container\" data-e-type=\"container\">\n\t\t\t\t\t<div class=\"e-con-inner\">\n\t\t\t\t<div class=\"elementor-element elementor-element-6df09a2 fade-title elementor-widget elementor-widget-heading\" data-id=\"6df09a2\" data-element_type=\"widget\" data-e-type=\"widget\" data-widget_type=\"heading.default\">\n\t\t\t\t<div class=\"elementor-widget-container\">\n\t\t\t\t\t<h2 class=\"elementor-heading-title elementor-size-default\">Quand le sport fa\u00e7onne l\u2019art de recevoir<\/h2>\t\t\t\t<\/div>\n\t\t\t\t<\/div>\n\t\t\t\t<div class=\"elementor-element elementor-element-3908e92 fade-text elementor-widget elementor-widget-text-editor\" data-id=\"3908e92\" data-element_type=\"widget\" data-e-type=\"widget\" data-widget_type=\"text-editor.default\">\n\t\t\t\t<div class=\"elementor-widget-container\">\n\t\t\t\t\t\t\t\t\t<p><strong>Nad\u00e8ge<\/strong>, qui a longtemps pratiqu\u00e9 le ski en comp\u00e9tition, partage aujourd\u2019hui son temps libre entre la course automobile \u2014 une passion transmise par son p\u00e8re <strong>Claude<\/strong>, pilote de rallye reconnu \u2014 et les courses de trail en montagne.<br \/>Aux c\u00f4t\u00e9s de son pilote, elle met un point d\u2019honneur \u00e0 faire briller les couleurs du <strong>Sporting<\/strong> sur les \u00e9preuves du championnat de France des rallyes.<br \/>V\u00e9ritable concentr\u00e9 d\u2019\u00e9nergie et de passion, Nad\u00e8ge incarne l\u2019esprit de la maison. Toujours tourn\u00e9e vers les cimes, elle aime partager ses itin\u00e9raires secrets et r\u00e9galer ses h\u00f4tes de ses <strong>confitures maison<\/strong>, pr\u00e9par\u00e9es avec soin et g\u00e9n\u00e9rosit\u00e9.<\/p><p>\u00a0<\/p><p>\u00c0 ses c\u00f4t\u00e9s, <strong>Fred<\/strong>, ancien pisteur-secouriste sur le domaine d\u2019Avoriaz, conna\u00eet la montagne comme personne. Adepte du ski de randonn\u00e9e et de montagne, il a \u00e0 son actif quelques ascensions des plus beaux et hauts sommets Franco\/Suisse. Il partage volontiers ses bons plans pour profiter pleinement des Portes Du Soleil : les plus belles pistes, les meilleurs panoramas, les itin\u00e9raires secrets \u00e0 ski de randonn\u00e9e. L\u2019\u00e9t\u00e9, il sillonne les cols \u00e0 v\u00e9lo tant en comp\u00e9tition que pour le plaisir. La route des Grandes Alpes n\u2019a pas de secret pour lui\u00a0! N\u2019h\u00e9sitez pas \u00e0 le solliciter pour vous aider \u00e0 \u00e9tablir vos sorties v\u00e9lo\u00a0!<\/p><p>\u00a0<\/p><p>Lorsque le jour d\u00e9cline, il vous fera d\u00e9couvrir ses <strong>charcuteries maison<\/strong>, autour d\u2019un ap\u00e9ritif montagnard \u00e0 la fois gourmand et sinc\u00e8re.<\/p>\t\t\t\t\t\t\t\t<\/div>\n\t\t\t\t<\/div>\n\t\t\t\t\t<\/div>\n\t\t\t\t<\/div>\n\t\t\t\t<\/div>\n\t\t<div class=\"elementor-element elementor-element-e74d2b8 e-con-full e-flex e-con e-child\" data-id=\"e74d2b8\" data-element_type=\"container\" data-e-type=\"container\" data-settings=\"{&quot;background_background&quot;:&quot;slideshow&quot;,&quot;background_slideshow_gallery&quot;:[{&quot;id&quot;:4194,&quot;url&quot;:&quot;https:\\\/\\\/www.hotelsporting-morzine.com.preprod.eliophot.dev\\\/wp-content\\\/uploads\\\/2026\\\/04\\\/P.Greiffenberg-N.Passaquin-Fabia-RS-Rally2-Charbo26-24-scaled.jpg&quot;},{&quot;id&quot;:4195,&quot;url&quot;:&quot;https:\\\/\\\/www.hotelsporting-morzine.com.preprod.eliophot.dev\\\/wp-content\\\/uploads\\\/2026\\\/04\\\/P.Greiffenberg-N.Passaquin-Fabia-RS-Rally2-Charbo26-25-scaled.jpg&quot;},{&quot;id&quot;:4196,&quot;url&quot;:&quot;https:\\\/\\\/www.hotelsporting-morzine.com.preprod.eliophot.dev\\\/wp-content\\\/uploads\\\/2026\\\/04\\\/P.Greiffenberg-N.Passaquin-Fabia-RS-Rally2-Charbo26-62-scaled.jpg&quot;},{&quot;id&quot;:4197,&quot;url&quot;:&quot;https:\\\/\\\/www.hotelsporting-morzine.com.preprod.eliophot.dev\\\/wp-content\\\/uploads\\\/2026\\\/04\\\/P.Greiffenberg-N.Passaquin-Fabia-RS-Rally2-Charbo26-76-scaled.jpg&quot;}],&quot;background_slideshow_slide_duration&quot;:3000,&quot;background_slideshow_loop&quot;:&quot;yes&quot;,&quot;background_slideshow_slide_transition&quot;:&quot;fade&quot;,&quot;background_slideshow_transition_duration&quot;:500}\">\n\t\t\t\t<\/div>\n\t\t\t\t<\/div>\n\t\t<div class=\"elementor-element elementor-element-7685f7c e-con-full fade-bloc e-flex e-con e-parent\" data-id=\"7685f7c\" data-element_type=\"container\" data-e-type=\"container\">\n\t\t<div class=\"elementor-element elementor-element-b844dc6 e-con-full e-flex e-con e-child\" data-id=\"b844dc6\" data-element_type=\"container\" data-e-type=\"container\" data-settings=\"{&quot;background_background&quot;:&quot;classic&quot;}\">\n\t\t\t\t<\/div>\n\t\t<div class=\"elementor-element elementor-element-6801421 e-con-full fade-content e-flex e-con e-child\" data-id=\"6801421\" data-element_type=\"container\" data-e-type=\"container\" data-settings=\"{&quot;background_background&quot;:&quot;classic&quot;}\">\n\t\t<div class=\"elementor-element elementor-element-11af9d8 e-flex e-con-boxed e-con e-child\" data-id=\"11af9d8\" data-element_type=\"container\" data-e-type=\"container\">\n\t\t\t\t\t<div class=\"e-con-inner\">\n\t\t\t\t<div class=\"elementor-element elementor-element-8adfc3e fade-title elementor-widget elementor-widget-heading\" data-id=\"8adfc3e\" data-element_type=\"widget\" data-e-type=\"widget\" data-widget_type=\"heading.default\">\n\t\t\t\t<div class=\"elementor-widget-container\">\n\t\t\t\t\t<h2 class=\"elementor-heading-title elementor-size-default\">Une aventure familiale qui se poursuit<\/h2>\t\t\t\t<\/div>\n\t\t\t\t<\/div>\n\t\t\t\t<div class=\"elementor-element elementor-element-dc68169 fade-text elementor-widget elementor-widget-text-editor\" data-id=\"dc68169\" data-element_type=\"widget\" data-e-type=\"widget\" data-widget_type=\"text-editor.default\">\n\t\t\t\t<div class=\"elementor-widget-container\">\n\t\t\t\t\t\t\t\t\t<p>Cette ann\u00e9e, <strong>Matiss<\/strong> rejoint l\u2019aventure familiale. Apr\u00e8s une belle carri\u00e8re dans le hockey professionnel, il devient la quatri\u00e8me g\u00e9n\u00e9ration \u00e0 faire vivre l\u2019h\u00f4tel. Sportif dans l\u2019\u00e2me, adepte de cyclisme et de golf, il met aujourd\u2019hui son \u00e9nergie et son enthousiasme au service de nos h\u00f4tes pour leur faire vivre des vacances dynamiques et ressour\u00e7antes \u00e0 la montagne.<\/p><p>\u00a0<\/p><p>Killian, son fr\u00e8re, s\u2019il ne travaille pas dans l\u2019affaire familiale, n\u2019est pas tr\u00e8s loin de la maison, vous pourrez d\u00e9guster ses d\u00e9licieux cocktails dans le meilleur bistrot de la station.<\/p><p>\u00a0<\/p><p>Chez nous, l\u2019esprit sportif rime avec convivialit\u00e9, partage et bien-\u00eatre. Que vous veniez pour profiter des pistes, des sentiers ou simplement de l\u2019air pur, notre famille sera ravie de vous accueillir et de vous faire d\u00e9couvrir notre coin de montagne\u2026 autrement.<\/p><p>\u00a0<\/p><p><strong>R\u00e9servez d\u00e8s maintenant votre s\u00e9jour et venez partager notre passion !<\/strong><\/p>\t\t\t\t\t\t\t\t<\/div>\n\t\t\t\t<\/div>\n\t\t\t\t\t<\/div>\n\t\t\t\t<\/div>\n\t\t\t\t<\/div>\n\t\t\t\t<\/div>\n\t\t<div class=\"elementor-element elementor-element-0706a7f e-con-full maillage e-flex e-con e-parent\" data-id=\"0706a7f\" data-element_type=\"container\" data-e-type=\"container\">\n\t\t<div class=\"elementor-element elementor-element-0249607 fade-maillage-container e-flex e-con-boxed e-con e-child\" data-id=\"0249607\" data-element_type=\"container\" data-e-type=\"container\" data-settings=\"{&quot;background_background&quot;:&quot;classic&quot;}\">\n\t\t\t\t\t<div class=\"e-con-inner\">\n\t\t<div class=\"elementor-element elementor-element-57dbc8a fade-maillage-block e-flex e-con-boxed e-con e-child\" data-id=\"57dbc8a\" data-element_type=\"container\" data-e-type=\"container\">\n\t\t\t\t\t<div class=\"e-con-inner\">\n\t\t\t\t<div class=\"elementor-element elementor-element-c59e6d2 fade-maillage-title elementor-widget elementor-widget-heading\" data-id=\"c59e6d2\" data-element_type=\"widget\" data-e-type=\"widget\" data-widget_type=\"heading.default\">\n\t\t\t\t<div class=\"elementor-widget-container\">\n\t\t\t\t\t<h2 class=\"elementor-heading-title elementor-size-default\">Chambres<\/h2>\t\t\t\t<\/div>\n\t\t\t\t<\/div>\n\t\t<div class=\"elementor-element elementor-element-c3b0c51 fade-button button-2 e-flex e-con-boxed e-con e-child\" data-id=\"c3b0c51\" data-element_type=\"container\" data-e-type=\"container\">\n\t\t\t\t\t<div class=\"e-con-inner\">\n\t\t\t\t<div class=\"elementor-element elementor-element-a695d3d elementor-align-justify elementor-widget elementor-widget-button\" data-id=\"a695d3d\" data-element_type=\"widget\" data-e-type=\"widget\" data-widget_type=\"button.default\">\n\t\t\t\t<div class=\"elementor-widget-container\">\n\t\t\t\t\t\t\t\t\t<div class=\"elementor-button-wrapper\">\n\t\t\t\t\t<a class=\"elementor-button elementor-button-link elementor-size-sm\" href=\"https:\/\/www.hotelsporting-morzine.com.preprod.eliophot.dev\/en\/chambres\/\">\n\t\t\t\t\t\t<span class=\"elementor-button-content-wrapper\">\n\t\t\t\t\t\t\t\t\t<span class=\"elementor-button-text\">D\u00e9couvrir<\/span>\n\t\t\t\t\t<\/span>\n\t\t\t\t\t<\/a>\n\t\t\t\t<\/div>\n\t\t\t\t\t\t\t\t<\/div>\n\t\t\t\t<\/div>\n\t\t\t\t\t<\/div>\n\t\t\t\t<\/div>\n\t\t\t\t\t<\/div>\n\t\t\t\t<\/div>\n\t\t\t\t\t<\/div>\n\t\t\t\t<\/div>\n\t\t<div class=\"elementor-element elementor-element-3f1dfcb fade-maillage-container e-flex e-con-boxed e-con e-child\" data-id=\"3f1dfcb\" data-element_type=\"container\" data-e-type=\"container\" data-settings=\"{&quot;background_background&quot;:&quot;classic&quot;}\">\n\t\t\t\t\t<div class=\"e-con-inner\">\n\t\t<div class=\"elementor-element elementor-element-d02e789 fade-maillage-block e-flex e-con-boxed e-con e-child\" data-id=\"d02e789\" data-element_type=\"container\" data-e-type=\"container\">\n\t\t\t\t\t<div class=\"e-con-inner\">\n\t\t\t\t<div class=\"elementor-element elementor-element-078c5dd fade-maillage-title elementor-widget elementor-widget-heading\" data-id=\"078c5dd\" data-element_type=\"widget\" data-e-type=\"widget\" data-widget_type=\"heading.default\">\n\t\t\t\t<div class=\"elementor-widget-container\">\n\t\t\t\t\t<h2 class=\"elementor-heading-title elementor-size-default\">Tourisme<\/h2>\t\t\t\t<\/div>\n\t\t\t\t<\/div>\n\t\t<div class=\"elementor-element elementor-element-27cf511 fade-button button-2 e-flex e-con-boxed e-con e-child\" data-id=\"27cf511\" data-element_type=\"container\" data-e-type=\"container\">\n\t\t\t\t\t<div class=\"e-con-inner\">\n\t\t\t\t<div class=\"elementor-element elementor-element-878a541 elementor-align-justify elementor-widget elementor-widget-button\" data-id=\"878a541\" data-element_type=\"widget\" data-e-type=\"widget\" data-widget_type=\"button.default\">\n\t\t\t\t<div class=\"elementor-widget-container\">\n\t\t\t\t\t\t\t\t\t<div class=\"elementor-button-wrapper\">\n\t\t\t\t\t<a class=\"elementor-button elementor-button-link elementor-size-sm\" href=\"https:\/\/www.hotelsporting-morzine.com.preprod.eliophot.dev\/en\/tourisme\/\">\n\t\t\t\t\t\t<span class=\"elementor-button-content-wrapper\">\n\t\t\t\t\t\t\t\t\t<span class=\"elementor-button-text\">D\u00e9couvrir<\/span>\n\t\t\t\t\t<\/span>\n\t\t\t\t\t<\/a>\n\t\t\t\t<\/div>\n\t\t\t\t\t\t\t\t<\/div>\n\t\t\t\t<\/div>\n\t\t\t\t\t<\/div>\n\t\t\t\t<\/div>\n\t\t\t\t\t<\/div>\n\t\t\t\t<\/div>\n\t\t\t\t\t<\/div>\n\t\t\t\t<\/div>\n\t\t<div class=\"elementor-element elementor-element-e8e0069 fade-maillage-container e-flex e-con-boxed e-con e-child\" data-id=\"e8e0069\" data-element_type=\"container\" data-e-type=\"container\" data-settings=\"{&quot;background_background&quot;:&quot;classic&quot;}\">\n\t\t\t\t\t<div class=\"e-con-inner\">\n\t\t<div class=\"elementor-element elementor-element-99d063e fade-maillage-block e-flex e-con-boxed e-con e-child\" data-id=\"99d063e\" data-element_type=\"container\" data-e-type=\"container\">\n\t\t\t\t\t<div class=\"e-con-inner\">\n\t\t\t\t<div class=\"elementor-element elementor-element-5bc8745 fade-maillage-title elementor-widget elementor-widget-heading\" data-id=\"5bc8745\" data-element_type=\"widget\" data-e-type=\"widget\" data-widget_type=\"heading.default\">\n\t\t\t\t<div class=\"elementor-widget-container\">\n\t\t\t\t\t<h2 class=\"elementor-heading-title elementor-size-default\">Acc\u00e8s &amp; contact<\/h2>\t\t\t\t<\/div>\n\t\t\t\t<\/div>\n\t\t<div class=\"elementor-element elementor-element-c28f657 fade-button button-2 e-flex e-con-boxed e-con e-child\" data-id=\"c28f657\" data-element_type=\"container\" data-e-type=\"container\">\n\t\t\t\t\t<div class=\"e-con-inner\">\n\t\t\t\t<div class=\"elementor-element elementor-element-ccd27e5 elementor-align-justify elementor-widget elementor-widget-button\" data-id=\"ccd27e5\" data-element_type=\"widget\" data-e-type=\"widget\" data-widget_type=\"button.default\">\n\t\t\t\t<div class=\"elementor-widget-container\">\n\t\t\t\t\t\t\t\t\t<div class=\"elementor-button-wrapper\">\n\t\t\t\t\t<a class=\"elementor-button elementor-button-link elementor-size-sm\" href=\"https:\/\/www.hotelsporting-morzine.com.preprod.eliophot.dev\/en\/acces-contact\/\">\n\t\t\t\t\t\t<span class=\"elementor-button-content-wrapper\">\n\t\t\t\t\t\t\t\t\t<span class=\"elementor-button-text\">D\u00e9couvrir<\/span>\n\t\t\t\t\t<\/span>\n\t\t\t\t\t<\/a>\n\t\t\t\t<\/div>\n\t\t\t\t\t\t\t\t<\/div>\n\t\t\t\t<\/div>\n\t\t\t\t\t<\/div>\n\t\t\t\t<\/div>\n\t\t\t\t\t<\/div>\n\t\t\t\t<\/div>\n\t\t\t\t\t<\/div>\n\t\t\t\t<\/div>\n\t\t\t\t<\/div>\n\t\t\t\t<\/div>\n\t\t","protected":false},"excerpt":{"rendered":"<p>L&rsquo;H\u00f4tel Votre h\u00f4tel avec piscine \u00e0 Morzine Une belle histoire de famille En 1934, Morzine inaugure en grande pompe le t\u00e9l\u00e9ph\u00e9rique du Pl\u00e9ney qu&rsquo;on empruntait alors uniquement pour la balade et le point de vue sur les Alpes, r\u00e9servant le ski aux prairies rassurantes de la vall\u00e9e.C&rsquo;est un peu avant la guerre qu&rsquo;Andr\u00e9e et Fran\u00e7ois [&hellip;]<\/p>\n","protected":false},"author":8,"featured_media":0,"parent":0,"menu_order":0,"comment_status":"closed","ping_status":"closed","template":"","meta":{"_acf_changed":false,"inline_featured_image":false,"footnotes":""},"class_list":["post-3521","page","type-page","status-publish","hentry"],"acf":[],"_links":{"self":[{"href":"https:\/\/www.hotelsporting-morzine.com.preprod.eliophot.dev\/en\/wp-json\/wp\/v2\/pages\/3521","targetHints":{"allow":["GET"]}}],"collection":[{"href":"https:\/\/www.hotelsporting-morzine.com.preprod.eliophot.dev\/en\/wp-json\/wp\/v2\/pages"}],"about":[{"href":"https:\/\/www.hotelsporting-morzine.com.preprod.eliophot.dev\/en\/wp-json\/wp\/v2\/types\/page"}],"author":[{"embeddable":true,"href":"https:\/\/www.hotelsporting-morzine.com.preprod.eliophot.dev\/en\/wp-json\/wp\/v2\/users\/8"}],"replies":[{"embeddable":true,"href":"https:\/\/www.hotelsporting-morzine.com.preprod.eliophot.dev\/en\/wp-json\/wp\/v2\/comments?post=3521"}],"version-history":[{"count":61,"href":"https:\/\/www.hotelsporting-morzine.com.preprod.eliophot.dev\/en\/wp-json\/wp\/v2\/pages\/3521\/revisions"}],"predecessor-version":[{"id":4250,"href":"https:\/\/www.hotelsporting-morzine.com.preprod.eliophot.dev\/en\/wp-json\/wp\/v2\/pages\/3521\/revisions\/4250"}],"wp:attachment":[{"href":"https:\/\/www.hotelsporting-morzine.com.preprod.eliophot.dev\/en\/wp-json\/wp\/v2\/media?parent=3521"}],"curies":[{"name":"wp","href":"https:\/\/api.w.org\/{rel}","templated":true}]}}