{"id":3596,"date":"2025-11-19T15:50:01","date_gmt":"2025-11-19T14:50:01","guid":{"rendered":"https:\/\/www.hotelsporting-morzine.com.preprod.eliophot.dev\/?page_id=3596"},"modified":"2025-12-16T14:38:14","modified_gmt":"2025-12-16T13:38:14","slug":"stay-at-lake-geneva","status":"publish","type":"page","link":"https:\/\/www.hotelsporting-morzine.com.preprod.eliophot.dev\/en\/tourisme\/sejour-lac-leman\/","title":{"rendered":"\u00c9vian &amp; Lake Geneva"},"content":{"rendered":"<div data-elementor-type=\"wp-page\" data-elementor-id=\"3596\" class=\"elementor elementor-3596\" data-elementor-post-type=\"page\">\n\t\t\t\t<div class=\"elementor-element elementor-element-21a5f571 e-con-full e-flex e-con e-parent\" data-id=\"21a5f571\" data-element_type=\"container\" data-e-type=\"container\" data-settings=\"{&quot;background_background&quot;:&quot;classic&quot;}\">\n\t\t\t\t<div class=\"elementor-element elementor-element-2d3625ad elementor-widget elementor-widget-heading\" data-id=\"2d3625ad\" data-element_type=\"widget\" data-e-type=\"widget\" data-widget_type=\"heading.default\">\n\t\t\t\t<div class=\"elementor-widget-container\">\n\t\t\t\t\t<span class=\"elementor-heading-title elementor-size-default\">\u00c9vian &amp; Lake Geneva<\/span>\t\t\t\t<\/div>\n\t\t\t\t<\/div>\n\t\t\t\t<div class=\"elementor-element elementor-element-7fcbf83 elementor-widget elementor-widget-heading\" data-id=\"7fcbf83\" data-element_type=\"widget\" data-e-type=\"widget\" data-widget_type=\"heading.default\">\n\t\t\t\t<div class=\"elementor-widget-container\">\n\t\t\t\t\t<h1 class=\"elementor-heading-title elementor-size-default\">Stay at Lake Geneva<\/h1>\t\t\t\t<\/div>\n\t\t\t\t<\/div>\n\t\t\t\t<\/div>\n\t\t<div class=\"elementor-element elementor-element-6b265e8f e-con-full e-flex e-con e-parent\" data-id=\"6b265e8f\" data-element_type=\"container\" data-e-type=\"container\">\n\t\t\t\t<div class=\"elementor-element elementor-element-6cf58dfb elementor-mobile-align-center elementor-widget elementor-widget-button\" data-id=\"6cf58dfb\" data-element_type=\"widget\" data-e-type=\"widget\" data-widget_type=\"button.default\">\n\t\t\t\t<div class=\"elementor-widget-container\">\n\t\t\t\t\t\t\t\t\t<div class=\"elementor-button-wrapper\">\n\t\t\t\t\t<a class=\"elementor-button elementor-button-link elementor-size-sm\" href=\"https:\/\/www.hotelsporting-morzine.com.preprod.eliophot.dev\/en\/tourisme\/sejour-chamonix\/\">\n\t\t\t\t\t\t<span class=\"elementor-button-content-wrapper\">\n\t\t\t\t\t\t<span class=\"elementor-button-icon\">\n\t\t\t\t<i aria-hidden=\"true\" class=\"eliofont eliofont-arrow-left\"><\/i>\t\t\t<\/span>\n\t\t\t\t\t\t\t\t\t<span class=\"elementor-button-text\">Previous destination<\/span>\n\t\t\t\t\t<\/span>\n\t\t\t\t\t<\/a>\n\t\t\t\t<\/div>\n\t\t\t\t\t\t\t\t<\/div>\n\t\t\t\t<\/div>\n\t\t\t\t<div class=\"elementor-element elementor-element-24ece21e elementor-mobile-align-center elementor-widget elementor-widget-button\" data-id=\"24ece21e\" data-element_type=\"widget\" data-e-type=\"widget\" data-widget_type=\"button.default\">\n\t\t\t\t<div class=\"elementor-widget-container\">\n\t\t\t\t\t\t\t\t\t<div class=\"elementor-button-wrapper\">\n\t\t\t\t\t<a class=\"elementor-button elementor-button-link elementor-size-sm\" href=\"https:\/\/www.hotelsporting-morzine.com.preprod.eliophot.dev\/en\/tourisme\/sejour-annecy\/\">\n\t\t\t\t\t\t<span class=\"elementor-button-content-wrapper\">\n\t\t\t\t\t\t<span class=\"elementor-button-icon\">\n\t\t\t\t<i aria-hidden=\"true\" class=\"eliofont eliofont-arrow-right\"><\/i>\t\t\t<\/span>\n\t\t\t\t\t\t\t\t\t<span class=\"elementor-button-text\">Next destination<\/span>\n\t\t\t\t\t<\/span>\n\t\t\t\t\t<\/a>\n\t\t\t\t<\/div>\n\t\t\t\t\t\t\t\t<\/div>\n\t\t\t\t<\/div>\n\t\t\t\t<\/div>\n\t\t<div class=\"elementor-element elementor-element-8b98dc5 e-con-full fade-bloc e-flex e-con e-parent\" data-id=\"8b98dc5\" data-element_type=\"container\" data-e-type=\"container\" data-settings=\"{&quot;background_background&quot;:&quot;classic&quot;}\">\n\t\t<div class=\"elementor-element elementor-element-ab57f8e e-con-full fade-content e-flex e-con e-child\" data-id=\"ab57f8e\" data-element_type=\"container\" data-e-type=\"container\" data-settings=\"{&quot;background_background&quot;:&quot;classic&quot;}\">\n\t\t<div class=\"elementor-element elementor-element-a5cfbd0 e-flex e-con-boxed e-con e-child\" data-id=\"a5cfbd0\" data-element_type=\"container\" data-e-type=\"container\">\n\t\t\t\t\t<div class=\"e-con-inner\">\n\t\t\t\t<div class=\"elementor-element elementor-element-411b5c9 fade-title elementor-widget elementor-widget-heading\" data-id=\"411b5c9\" data-element_type=\"widget\" data-e-type=\"widget\" data-widget_type=\"heading.default\">\n\t\t\t\t<div class=\"elementor-widget-container\">\n\t\t\t\t\t<h2 class=\"elementor-heading-title elementor-size-default\">\u00c9vian-les-Bains, elegance and the good life<\/h2>\t\t\t\t<\/div>\n\t\t\t\t<\/div>\n\t\t\t\t<div class=\"elementor-element elementor-element-cf38945 fade-subtext elementor-widget elementor-widget-text-editor\" data-id=\"cf38945\" data-element_type=\"widget\" data-e-type=\"widget\" data-widget_type=\"text-editor.default\">\n\t\t\t\t<div class=\"elementor-widget-container\">\n\t\t\t\t\t\t\t\t\t<p>A spa town dedicated to water and well-being<\/p>\t\t\t\t\t\t\t\t<\/div>\n\t\t\t\t<\/div>\n\t\t\t\t<div class=\"elementor-element elementor-element-b2743e7 fade-text elementor-widget elementor-widget-text-editor\" data-id=\"b2743e7\" data-element_type=\"widget\" data-e-type=\"widget\" data-widget_type=\"text-editor.default\">\n\t\t\t\t<div class=\"elementor-widget-container\">\n\t\t\t\t\t\t\t\t\t<p>\u00c9vian charms visitors with its refined appeal, natural springs and Belle \u00c9poque architecture. Nestled between lake and mountains, the town offers a peaceful setting where you can stroll along the quays, enjoy the thermal baths or explore its heritage. It is the ideal place to begin a relaxing break on Lake Geneva.<\/p>\t\t\t\t\t\t\t\t<\/div>\n\t\t\t\t<\/div>\n\t\t\t\t\t<\/div>\n\t\t\t\t<\/div>\n\t\t\t\t<\/div>\n\t\t<div class=\"elementor-element elementor-element-69440c2 e-con-full e-flex e-con e-child\" data-id=\"69440c2\" data-element_type=\"container\" data-e-type=\"container\" data-settings=\"{&quot;background_background&quot;:&quot;classic&quot;}\">\n\t\t\t\t<\/div>\n\t\t\t\t<\/div>\n\t\t<div class=\"elementor-element elementor-element-2c37ba1 e-con-full fade-bloc e-flex e-con e-parent\" data-id=\"2c37ba1\" data-element_type=\"container\" data-e-type=\"container\">\n\t\t<div class=\"elementor-element elementor-element-fdf873a e-con-full fade-content e-flex e-con e-child\" data-id=\"fdf873a\" data-element_type=\"container\" data-e-type=\"container\" data-settings=\"{&quot;background_background&quot;:&quot;classic&quot;}\">\n\t\t<div class=\"elementor-element elementor-element-1514018 e-flex e-con-boxed e-con e-child\" data-id=\"1514018\" data-element_type=\"container\" data-e-type=\"container\">\n\t\t\t\t\t<div class=\"e-con-inner\">\n\t\t\t\t<div class=\"elementor-element elementor-element-1f9d61e fade-title elementor-widget elementor-widget-heading\" data-id=\"1f9d61e\" data-element_type=\"widget\" data-e-type=\"widget\" data-widget_type=\"heading.default\">\n\t\t\t\t<div class=\"elementor-widget-container\">\n\t\t\t\t\t<h2 class=\"elementor-heading-title elementor-size-default\">Lake Geneva, a vast adventure playground<\/h2>\t\t\t\t<\/div>\n\t\t\t\t<\/div>\n\t\t\t\t<div class=\"elementor-element elementor-element-a9ec874 fade-subtext elementor-widget elementor-widget-text-editor\" data-id=\"a9ec874\" data-element_type=\"widget\" data-e-type=\"widget\" data-widget_type=\"text-editor.default\">\n\t\t\t\t<div class=\"elementor-widget-container\">\n\t\t\t\t\t\t\t\t\t<p>Water sports, beaches and exceptional views<\/p>\t\t\t\t\t\t\t\t<\/div>\n\t\t\t\t<\/div>\n\t\t\t\t<div class=\"elementor-element elementor-element-a275462 fade-text elementor-widget elementor-widget-text-editor\" data-id=\"a275462\" data-element_type=\"widget\" data-e-type=\"widget\" data-widget_type=\"text-editor.default\">\n\t\t\t\t<div class=\"elementor-widget-container\">\n\t\t\t\t\t\t\t\t\t<p>Lake Geneva invites you to explore its calm waters and majestic landscapes. Cruises, paddleboarding, swimming or walks along the shore punctuate the days, while the surrounding villages reveal their authenticity. A rich environment, perfect for alternating between active moments and contemplative breaks by the water.<\/p>\t\t\t\t\t\t\t\t<\/div>\n\t\t\t\t<\/div>\n\t\t\t\t\t<\/div>\n\t\t\t\t<\/div>\n\t\t\t\t<\/div>\n\t\t<div class=\"elementor-element elementor-element-83c4571 e-con-full e-flex e-con e-child\" data-id=\"83c4571\" data-element_type=\"container\" data-e-type=\"container\" data-settings=\"{&quot;background_background&quot;:&quot;classic&quot;}\">\n\t\t\t\t<\/div>\n\t\t\t\t<\/div>\n\t\t\t\t<\/div>","protected":false},"excerpt":{"rendered":"<p>S\u00e9jour au Lac L\u00e9man Destination pr\u00e9c\u00e9dente Destination suivante \u00c9vian-les-Bains, \u00e9l\u00e9gance et douceur de vivre Une ville thermale tourn\u00e9e vers l\u2019eau et le bien-\u00eatre \u00c9vian s\u00e9duit par son charme raffin\u00e9, ses sources naturelles et son architecture Belle \u00c9poque. Entre lac et montagnes, la ville offre un cadre apaisant o\u00f9 fl\u00e2ner sur les quais, profiter des thermes [&hellip;]<\/p>\n","protected":false},"author":9,"featured_media":0,"parent":67,"menu_order":0,"comment_status":"closed","ping_status":"closed","template":"","meta":{"_acf_changed":false,"inline_featured_image":false,"footnotes":""},"class_list":["post-3596","page","type-page","status-publish","hentry"],"acf":[],"_links":{"self":[{"href":"https:\/\/www.hotelsporting-morzine.com.preprod.eliophot.dev\/en\/wp-json\/wp\/v2\/pages\/3596","targetHints":{"allow":["GET"]}}],"collection":[{"href":"https:\/\/www.hotelsporting-morzine.com.preprod.eliophot.dev\/en\/wp-json\/wp\/v2\/pages"}],"about":[{"href":"https:\/\/www.hotelsporting-morzine.com.preprod.eliophot.dev\/en\/wp-json\/wp\/v2\/types\/page"}],"author":[{"embeddable":true,"href":"https:\/\/www.hotelsporting-morzine.com.preprod.eliophot.dev\/en\/wp-json\/wp\/v2\/users\/9"}],"replies":[{"embeddable":true,"href":"https:\/\/www.hotelsporting-morzine.com.preprod.eliophot.dev\/en\/wp-json\/wp\/v2\/comments?post=3596"}],"version-history":[{"count":13,"href":"https:\/\/www.hotelsporting-morzine.com.preprod.eliophot.dev\/en\/wp-json\/wp\/v2\/pages\/3596\/revisions"}],"predecessor-version":[{"id":3977,"href":"https:\/\/www.hotelsporting-morzine.com.preprod.eliophot.dev\/en\/wp-json\/wp\/v2\/pages\/3596\/revisions\/3977"}],"up":[{"embeddable":true,"href":"https:\/\/www.hotelsporting-morzine.com.preprod.eliophot.dev\/en\/wp-json\/wp\/v2\/pages\/67"}],"wp:attachment":[{"href":"https:\/\/www.hotelsporting-morzine.com.preprod.eliophot.dev\/en\/wp-json\/wp\/v2\/media?parent=3596"}],"curies":[{"name":"wp","href":"https:\/\/api.w.org\/{rel}","templated":true}]}}