{"id":3597,"date":"2025-11-19T15:50:12","date_gmt":"2025-11-19T14:50:12","guid":{"rendered":"https:\/\/www.hotelsporting-morzine.com.preprod.eliophot.dev\/?page_id=3597"},"modified":"2025-12-16T15:07:53","modified_gmt":"2025-12-16T14:07:53","slug":"stay-in-annecy","status":"publish","type":"page","link":"https:\/\/www.hotelsporting-morzine.com.preprod.eliophot.dev\/en\/tourisme\/sejour-annecy\/","title":{"rendered":"Annecy"},"content":{"rendered":"<div data-elementor-type=\"wp-page\" data-elementor-id=\"3597\" class=\"elementor elementor-3597\" data-elementor-post-type=\"page\">\n\t\t\t\t<div class=\"elementor-element elementor-element-71cb5106 e-con-full e-flex e-con e-parent\" data-id=\"71cb5106\" data-element_type=\"container\" data-e-type=\"container\" data-settings=\"{&quot;background_background&quot;:&quot;classic&quot;}\">\n\t\t\t\t<div class=\"elementor-element elementor-element-70260372 elementor-widget elementor-widget-heading\" data-id=\"70260372\" data-element_type=\"widget\" data-e-type=\"widget\" data-widget_type=\"heading.default\">\n\t\t\t\t<div class=\"elementor-widget-container\">\n\t\t\t\t\t<span class=\"elementor-heading-title elementor-size-default\">Annecy<\/span>\t\t\t\t<\/div>\n\t\t\t\t<\/div>\n\t\t\t\t<div class=\"elementor-element elementor-element-3b3de32 elementor-widget elementor-widget-heading\" data-id=\"3b3de32\" data-element_type=\"widget\" data-e-type=\"widget\" data-widget_type=\"heading.default\">\n\t\t\t\t<div class=\"elementor-widget-container\">\n\t\t\t\t\t<h1 class=\"elementor-heading-title elementor-size-default\">Make the most of your stay to visit Annecy<\/h1>\t\t\t\t<\/div>\n\t\t\t\t<\/div>\n\t\t\t\t<\/div>\n\t\t<div class=\"elementor-element elementor-element-ba0295c e-con-full e-flex e-con e-parent\" data-id=\"ba0295c\" data-element_type=\"container\" data-e-type=\"container\">\n\t\t\t\t<div class=\"elementor-element elementor-element-173e9acb elementor-mobile-align-center elementor-widget elementor-widget-button\" data-id=\"173e9acb\" data-element_type=\"widget\" data-e-type=\"widget\" data-widget_type=\"button.default\">\n\t\t\t\t<div class=\"elementor-widget-container\">\n\t\t\t\t\t\t\t\t\t<div class=\"elementor-button-wrapper\">\n\t\t\t\t\t<a class=\"elementor-button elementor-button-link elementor-size-sm\" href=\"https:\/\/www.hotelsporting-morzine.com.preprod.eliophot.dev\/en\/tourisme\/sejour-lac-leman\/\">\n\t\t\t\t\t\t<span class=\"elementor-button-content-wrapper\">\n\t\t\t\t\t\t<span class=\"elementor-button-icon\">\n\t\t\t\t<i aria-hidden=\"true\" class=\"eliofont eliofont-arrow-left\"><\/i>\t\t\t<\/span>\n\t\t\t\t\t\t\t\t\t<span class=\"elementor-button-text\">Previous destination<\/span>\n\t\t\t\t\t<\/span>\n\t\t\t\t\t<\/a>\n\t\t\t\t<\/div>\n\t\t\t\t\t\t\t\t<\/div>\n\t\t\t\t<\/div>\n\t\t\t\t<div class=\"elementor-element elementor-element-11ff8c4e elementor-mobile-align-center elementor-widget elementor-widget-button\" data-id=\"11ff8c4e\" data-element_type=\"widget\" data-e-type=\"widget\" data-widget_type=\"button.default\">\n\t\t\t\t<div class=\"elementor-widget-container\">\n\t\t\t\t\t\t\t\t\t<div class=\"elementor-button-wrapper\">\n\t\t\t\t\t<a class=\"elementor-button elementor-button-link elementor-size-sm\" href=\"https:\/\/www.hotelsporting-morzine.com.preprod.eliophot.dev\/en\/tourisme\/sejour-haute-savoie\/\">\n\t\t\t\t\t\t<span class=\"elementor-button-content-wrapper\">\n\t\t\t\t\t\t<span class=\"elementor-button-icon\">\n\t\t\t\t<i aria-hidden=\"true\" class=\"eliofont eliofont-arrow-right\"><\/i>\t\t\t<\/span>\n\t\t\t\t\t\t\t\t\t<span class=\"elementor-button-text\">Next destination<\/span>\n\t\t\t\t\t<\/span>\n\t\t\t\t\t<\/a>\n\t\t\t\t<\/div>\n\t\t\t\t\t\t\t\t<\/div>\n\t\t\t\t<\/div>\n\t\t\t\t<\/div>\n\t\t<div class=\"elementor-element elementor-element-272c0e6 e-con-full fade-bloc e-flex e-con e-parent\" data-id=\"272c0e6\" data-element_type=\"container\" data-e-type=\"container\" data-settings=\"{&quot;background_background&quot;:&quot;classic&quot;}\">\n\t\t<div class=\"elementor-element elementor-element-487001a2 e-con-full fade-content e-flex e-con e-child\" data-id=\"487001a2\" data-element_type=\"container\" data-e-type=\"container\" data-settings=\"{&quot;background_background&quot;:&quot;classic&quot;}\">\n\t\t<div class=\"elementor-element elementor-element-4ff026d6 e-flex e-con-boxed e-con e-child\" data-id=\"4ff026d6\" data-element_type=\"container\" data-e-type=\"container\">\n\t\t\t\t\t<div class=\"e-con-inner\">\n\t\t\t\t<div class=\"elementor-element elementor-element-4f57c7a5 fade-title elementor-widget elementor-widget-heading\" data-id=\"4f57c7a5\" data-element_type=\"widget\" data-e-type=\"widget\" data-widget_type=\"heading.default\">\n\t\t\t\t<div class=\"elementor-widget-container\">\n\t\t\t\t\t<h2 class=\"elementor-heading-title elementor-size-default\">Annecy, the pearl of the Alps<\/h2>\t\t\t\t<\/div>\n\t\t\t\t<\/div>\n\t\t\t\t<div class=\"elementor-element elementor-element-31c3dd47 fade-subtext elementor-widget elementor-widget-text-editor\" data-id=\"31c3dd47\" data-element_type=\"widget\" data-e-type=\"widget\" data-widget_type=\"text-editor.default\">\n\t\t\t\t<div class=\"elementor-widget-container\">\n\t\t\t\t\t\t\t\t\t<p>A charming historic centre between canals and mountains<\/p>\t\t\t\t\t\t\t\t<\/div>\n\t\t\t\t<\/div>\n\t\t\t\t<div class=\"elementor-element elementor-element-399600f7 fade-text elementor-widget elementor-widget-text-editor\" data-id=\"399600f7\" data-element_type=\"widget\" data-e-type=\"widget\" data-widget_type=\"text-editor.default\">\n\t\t\t\t<div class=\"elementor-widget-container\">\n\t\t\t\t\t\t\t\t\t<p>Annecy captivates visitors with its medieval streets, colourful houses and romantic atmosphere. Strolling along the canals, exploring the Palais de l'Isle or enjoying the traditional markets are among the city's unmissable pleasures. A stay in Annecy offers an immediate change of scenery in a setting of great beauty.<\/p>\t\t\t\t\t\t\t\t<\/div>\n\t\t\t\t<\/div>\n\t\t\t\t\t<\/div>\n\t\t\t\t<\/div>\n\t\t\t\t<\/div>\n\t\t<div class=\"elementor-element elementor-element-69f08153 e-con-full e-flex e-con e-child\" data-id=\"69f08153\" data-element_type=\"container\" data-e-type=\"container\" data-settings=\"{&quot;background_background&quot;:&quot;classic&quot;}\">\n\t\t\t\t<\/div>\n\t\t\t\t<\/div>\n\t\t<div class=\"elementor-element elementor-element-62a940e e-con-full fade-bloc e-flex e-con e-parent\" data-id=\"62a940e\" data-element_type=\"container\" data-e-type=\"container\">\n\t\t<div class=\"elementor-element elementor-element-259d5eee e-con-full fade-content e-flex e-con e-child\" data-id=\"259d5eee\" data-element_type=\"container\" data-e-type=\"container\" data-settings=\"{&quot;background_background&quot;:&quot;classic&quot;}\">\n\t\t<div class=\"elementor-element elementor-element-4e840173 e-flex e-con-boxed e-con e-child\" data-id=\"4e840173\" data-element_type=\"container\" data-e-type=\"container\">\n\t\t\t\t\t<div class=\"e-con-inner\">\n\t\t\t\t<div class=\"elementor-element elementor-element-7dfe483c fade-title elementor-widget elementor-widget-heading\" data-id=\"7dfe483c\" data-element_type=\"widget\" data-e-type=\"widget\" data-widget_type=\"heading.default\">\n\t\t\t\t<div class=\"elementor-widget-container\">\n\t\t\t\t\t<h2 class=\"elementor-heading-title elementor-size-default\">Lake Annecy, a preserved natural setting<\/h2>\t\t\t\t<\/div>\n\t\t\t\t<\/div>\n\t\t\t\t<div class=\"elementor-element elementor-element-1fc93e81 fade-subtext elementor-widget elementor-widget-text-editor\" data-id=\"1fc93e81\" data-element_type=\"widget\" data-e-type=\"widget\" data-widget_type=\"text-editor.default\">\n\t\t\t\t<div class=\"elementor-widget-container\">\n\t\t\t\t\t\t\t\t\t<p>Water sports, beaches and exceptional views<\/p>\t\t\t\t\t\t\t\t<\/div>\n\t\t\t\t<\/div>\n\t\t\t\t<div class=\"elementor-element elementor-element-15857b59 fade-text elementor-widget elementor-widget-text-editor\" data-id=\"15857b59\" data-element_type=\"widget\" data-e-type=\"widget\" data-widget_type=\"text-editor.default\">\n\t\t\t\t<div class=\"elementor-widget-container\">\n\t\t\t\t\t\t\t\t\t<p>Considered one of the purest lakes in Europe, Lake Annecy offers swimming, sailing, paddleboarding and cycling along its well-maintained shores. Surrounded by mountains, it offers spectacular views and a peaceful atmosphere. It is the perfect destination for combining sport, nature and relaxation in all seasons.<\/p>\t\t\t\t\t\t\t\t<\/div>\n\t\t\t\t<\/div>\n\t\t\t\t\t<\/div>\n\t\t\t\t<\/div>\n\t\t\t\t<\/div>\n\t\t<div class=\"elementor-element elementor-element-213fee6e e-con-full e-flex e-con e-child\" data-id=\"213fee6e\" data-element_type=\"container\" data-e-type=\"container\" data-settings=\"{&quot;background_background&quot;:&quot;classic&quot;}\">\n\t\t\t\t<\/div>\n\t\t\t\t<\/div>\n\t\t\t\t<\/div>","protected":false},"excerpt":{"rendered":"<p>Profitez de votre s\u00e9jour pour visiter Annecy Destination pr\u00e9c\u00e9dente Destination suivante Annecy, la perle des Alpes Un centre historique charmant entre canaux et montagnes Annecy envo\u00fbte par ses ruelles m\u00e9di\u00e9vales, ses maisons color\u00e9es et son atmosph\u00e8re romantique. Fl\u00e2ner le long des canaux, d\u00e9couvrir le Palais de l\u2019Isle ou profiter des march\u00e9s typiques fait partie des [&hellip;]<\/p>\n","protected":false},"author":9,"featured_media":0,"parent":67,"menu_order":0,"comment_status":"closed","ping_status":"closed","template":"","meta":{"_acf_changed":false,"inline_featured_image":false,"footnotes":""},"class_list":["post-3597","page","type-page","status-publish","hentry"],"acf":[],"_links":{"self":[{"href":"https:\/\/www.hotelsporting-morzine.com.preprod.eliophot.dev\/en\/wp-json\/wp\/v2\/pages\/3597","targetHints":{"allow":["GET"]}}],"collection":[{"href":"https:\/\/www.hotelsporting-morzine.com.preprod.eliophot.dev\/en\/wp-json\/wp\/v2\/pages"}],"about":[{"href":"https:\/\/www.hotelsporting-morzine.com.preprod.eliophot.dev\/en\/wp-json\/wp\/v2\/types\/page"}],"author":[{"embeddable":true,"href":"https:\/\/www.hotelsporting-morzine.com.preprod.eliophot.dev\/en\/wp-json\/wp\/v2\/users\/9"}],"replies":[{"embeddable":true,"href":"https:\/\/www.hotelsporting-morzine.com.preprod.eliophot.dev\/en\/wp-json\/wp\/v2\/comments?post=3597"}],"version-history":[{"count":16,"href":"https:\/\/www.hotelsporting-morzine.com.preprod.eliophot.dev\/en\/wp-json\/wp\/v2\/pages\/3597\/revisions"}],"predecessor-version":[{"id":4017,"href":"https:\/\/www.hotelsporting-morzine.com.preprod.eliophot.dev\/en\/wp-json\/wp\/v2\/pages\/3597\/revisions\/4017"}],"up":[{"embeddable":true,"href":"https:\/\/www.hotelsporting-morzine.com.preprod.eliophot.dev\/en\/wp-json\/wp\/v2\/pages\/67"}],"wp:attachment":[{"href":"https:\/\/www.hotelsporting-morzine.com.preprod.eliophot.dev\/en\/wp-json\/wp\/v2\/media?parent=3597"}],"curies":[{"name":"wp","href":"https:\/\/api.w.org\/{rel}","templated":true}]}}