{"id":65,"date":"2023-06-19T11:10:35","date_gmt":"2023-06-19T09:10:35","guid":{"rendered":"https:\/\/www.hotelsporting-morzine.com.preprod.eliophot.dev\/?page_id=65"},"modified":"2026-05-04T16:30:14","modified_gmt":"2026-05-04T14:30:14","slug":"catering","status":"publish","type":"page","link":"https:\/\/www.hotelsporting-morzine.com.preprod.eliophot.dev\/en\/restauration\/","title":{"rendered":"Breakfast \/ Bar \/ Snacking"},"content":{"rendered":"\t\t<div data-elementor-type=\"wp-page\" data-elementor-id=\"65\" class=\"elementor elementor-65\" data-elementor-post-type=\"page\">\n\t\t\t\t<div class=\"elementor-element elementor-element-c38c39f e-con-full e-flex e-con e-parent\" data-id=\"c38c39f\" data-element_type=\"container\" data-e-type=\"container\" data-settings=\"{&quot;background_background&quot;:&quot;classic&quot;}\">\n\t\t\t\t<div class=\"elementor-element elementor-element-c0c05d3 elementor-widget elementor-widget-heading\" data-id=\"c0c05d3\" data-element_type=\"widget\" data-e-type=\"widget\" data-widget_type=\"heading.default\">\n\t\t\t\t<div class=\"elementor-widget-container\">\n\t\t\t\t\t<span class=\"elementor-heading-title elementor-size-default\">Restauration<\/span>\t\t\t\t<\/div>\n\t\t\t\t<\/div>\n\t\t\t\t<div class=\"elementor-element elementor-element-c079ed8 elementor-widget-mobile__width-initial elementor-widget elementor-widget-heading\" data-id=\"c079ed8\" data-element_type=\"widget\" data-e-type=\"widget\" data-widget_type=\"heading.default\">\n\t\t\t\t<div class=\"elementor-widget-container\">\n\t\t\t\t\t<h1 class=\"elementor-heading-title elementor-size-default\">dans votre h\u00f4tel de charme \u00e0 Morzine<\/h1>\t\t\t\t<\/div>\n\t\t\t\t<\/div>\n\t\t\t\t<\/div>\n\t\t<div class=\"elementor-element elementor-element-9a6cf54 e-con-full fade-bloc e-flex e-con e-parent\" data-id=\"9a6cf54\" data-element_type=\"container\" data-e-type=\"container\">\n\t\t<div class=\"elementor-element elementor-element-41e0804 e-con-full fade-content e-flex e-con e-child\" data-id=\"41e0804\" data-element_type=\"container\" data-e-type=\"container\" data-settings=\"{&quot;background_background&quot;:&quot;classic&quot;}\">\n\t\t<div class=\"elementor-element elementor-element-dc00ae0 e-flex e-con-boxed e-con e-child\" data-id=\"dc00ae0\" data-element_type=\"container\" data-e-type=\"container\">\n\t\t\t\t\t<div class=\"e-con-inner\">\n\t\t\t\t<div class=\"elementor-element elementor-element-2f5b9f6 fade-title elementor-widget elementor-widget-heading\" data-id=\"2f5b9f6\" data-element_type=\"widget\" data-e-type=\"widget\" data-widget_type=\"heading.default\">\n\t\t\t\t<div class=\"elementor-widget-container\">\n\t\t\t\t\t<h2 class=\"elementor-heading-title elementor-size-default\">Petit-d\u00e9jeuner<\/h2>\t\t\t\t<\/div>\n\t\t\t\t<\/div>\n\t\t\t\t<div class=\"elementor-element elementor-element-7bbe811 fade-subtext elementor-widget elementor-widget-text-editor\" data-id=\"7bbe811\" data-element_type=\"widget\" data-e-type=\"widget\" data-widget_type=\"text-editor.default\">\n\t\t\t\t<div class=\"elementor-widget-container\">\n\t\t\t\t\t\t\t\t\t<p>H\u00f4tel gourmand \u00e0 Morzine<\/p>\t\t\t\t\t\t\t\t<\/div>\n\t\t\t\t<\/div>\n\t\t\t\t<div class=\"elementor-element elementor-element-48ab943 fade-text elementor-widget elementor-widget-text-editor\" data-id=\"48ab943\" data-element_type=\"widget\" data-e-type=\"widget\" data-widget_type=\"text-editor.default\">\n\t\t\t\t<div class=\"elementor-widget-container\">\n\t\t\t\t\t\t\t\t\t<p>Le petit d\u00e9jeuner \u00e9tant l\u2019un des repas les plus importants, surtout \u00e0 la montagne, nous attachons une importance particuli\u00e8re aux produits que nous servons : p\u00e2tisseries et confitures maison, viennoiseries, fromages et charcuteries de la r\u00e9gion, \u0153ufs&#8230;<\/p>\t\t\t\t\t\t\t\t<\/div>\n\t\t\t\t<\/div>\n\t\t\t\t\t<\/div>\n\t\t\t\t<\/div>\n\t\t\t\t<\/div>\n\t\t<div class=\"elementor-element elementor-element-e9edbbb e-con-full e-flex e-con e-child\" data-id=\"e9edbbb\" data-element_type=\"container\" data-e-type=\"container\" data-settings=\"{&quot;background_background&quot;:&quot;slideshow&quot;,&quot;background_slideshow_gallery&quot;:[{&quot;id&quot;:3637,&quot;url&quot;:&quot;https:\\\/\\\/www.hotelsporting-morzine.com.preprod.eliophot.dev\\\/wp-content\\\/uploads\\\/2025\\\/11\\\/petit-dejeuner-sporting.jpg&quot;},{&quot;id&quot;:4163,&quot;url&quot;:&quot;https:\\\/\\\/www.hotelsporting-morzine.com.preprod.eliophot.dev\\\/wp-content\\\/uploads\\\/2026\\\/02\\\/buffet-couloir.jpg&quot;},{&quot;id&quot;:3624,&quot;url&quot;:&quot;https:\\\/\\\/www.hotelsporting-morzine.com.preprod.eliophot.dev\\\/wp-content\\\/uploads\\\/2025\\\/11\\\/buffet-petit-dejeuner.jpg&quot;},{&quot;id&quot;:3625,&quot;url&quot;:&quot;https:\\\/\\\/www.hotelsporting-morzine.com.preprod.eliophot.dev\\\/wp-content\\\/uploads\\\/2025\\\/11\\\/buffet-petit-dejeuner-1.jpg&quot;}],&quot;background_slideshow_slide_duration&quot;:3000,&quot;background_slideshow_loop&quot;:&quot;yes&quot;,&quot;background_slideshow_slide_transition&quot;:&quot;fade&quot;,&quot;background_slideshow_transition_duration&quot;:500}\">\n\t\t\t\t<\/div>\n\t\t\t\t<\/div>\n\t\t<div class=\"elementor-element elementor-element-099f193 e-con-full e-flex e-con e-parent\" data-id=\"099f193\" data-element_type=\"container\" data-e-type=\"container\" data-settings=\"{&quot;background_background&quot;:&quot;classic&quot;}\">\n\t\t\t\t<div class=\"elementor-element elementor-element-540003b elementor-widget elementor-widget-heading\" data-id=\"540003b\" data-element_type=\"widget\" data-e-type=\"widget\" data-settings=\"{&quot;sticky&quot;:&quot;bottom&quot;,&quot;sticky_on&quot;:[&quot;desktop&quot;],&quot;sticky_parent&quot;:&quot;yes&quot;,&quot;sticky_offset&quot;:0,&quot;sticky_effects_offset&quot;:0,&quot;sticky_anchor_link_offset&quot;:0}\" data-widget_type=\"heading.default\">\n\t\t\t\t<div class=\"elementor-widget-container\">\n\t\t\t\t\t<h2 class=\"elementor-heading-title elementor-size-default\">Bar &amp; snacking<\/h2>\t\t\t\t<\/div>\n\t\t\t\t<\/div>\n\t\t\t\t<\/div>\n\t\t<div class=\"elementor-element elementor-element-5b7d268 e-con-full fade-bloc e-flex e-con e-parent\" data-id=\"5b7d268\" data-element_type=\"container\" data-e-type=\"container\">\n\t\t<div class=\"elementor-element elementor-element-a79d57c e-con-full fade-content e-flex e-con e-child\" data-id=\"a79d57c\" data-element_type=\"container\" data-e-type=\"container\" data-settings=\"{&quot;background_background&quot;:&quot;classic&quot;}\">\n\t\t<div class=\"elementor-element elementor-element-63e8ab3 e-flex e-con-boxed e-con e-child\" data-id=\"63e8ab3\" data-element_type=\"container\" data-e-type=\"container\">\n\t\t\t\t\t<div class=\"e-con-inner\">\n\t\t\t\t<div class=\"elementor-element elementor-element-48ff171 fade-title elementor-widget elementor-widget-heading\" data-id=\"48ff171\" data-element_type=\"widget\" data-e-type=\"widget\" data-widget_type=\"heading.default\">\n\t\t\t\t<div class=\"elementor-widget-container\">\n\t\t\t\t\t<h2 class=\"elementor-heading-title elementor-size-default\">Le bar<\/h2>\t\t\t\t<\/div>\n\t\t\t\t<\/div>\n\t\t\t\t<div class=\"elementor-element elementor-element-91aaa8e fade-text elementor-widget elementor-widget-text-editor\" data-id=\"91aaa8e\" data-element_type=\"widget\" data-e-type=\"widget\" data-widget_type=\"text-editor.default\">\n\t\t\t\t<div class=\"elementor-widget-container\">\n\t\t\t\t\t\t\t\t\t<p>Envie d\u2019une pause d\u00e9tente dans un cadre charmeur apr\u00e8s une bonne journ\u00e9e de ski ou de randonn\u00e9e ?<br \/>Le bar de l\u2019h\u00f4tel vous donne rendez-vous pour d\u00e9guster cocktails, ap\u00e9ritifs locaux (vin chaud maison, G\u00e9n\u00e9pi\u2026), verres de vin.<br \/>Une offre de petite restauration\/snacking est disponible au bar suivant p\u00e9riode (planches charcuterie, fromage, soupe du jour, cr\u00eapes\u2026).<\/p>\t\t\t\t\t\t\t\t<\/div>\n\t\t\t\t<\/div>\n\t\t\t\t<div class=\"elementor-element elementor-element-f7b55ea elementor-widget elementor-widget-button\" data-id=\"f7b55ea\" data-element_type=\"widget\" data-e-type=\"widget\" data-widget_type=\"button.default\">\n\t\t\t\t<div class=\"elementor-widget-container\">\n\t\t\t\t\t\t\t\t\t<div class=\"elementor-button-wrapper\">\n\t\t\t\t\t<a class=\"elementor-button elementor-button-link elementor-size-sm\" href=\"https:\/\/www.hotelsporting-morzine.com.preprod.eliophot.dev\/wp-content\/uploads\/2026\/04\/carte-bar-2026-2.pdf\" target=\"_blank\">\n\t\t\t\t\t\t<span class=\"elementor-button-content-wrapper\">\n\t\t\t\t\t\t<span class=\"elementor-button-icon\">\n\t\t\t\t<i aria-hidden=\"true\" class=\"eliofont eliofont-room-service\"><\/i>\t\t\t<\/span>\n\t\t\t\t\t\t\t\t\t<span class=\"elementor-button-text\">Voir la carte<\/span>\n\t\t\t\t\t<\/span>\n\t\t\t\t\t<\/a>\n\t\t\t\t<\/div>\n\t\t\t\t\t\t\t\t<\/div>\n\t\t\t\t<\/div>\n\t\t\t\t\t<\/div>\n\t\t\t\t<\/div>\n\t\t\t\t<\/div>\n\t\t<div class=\"elementor-element elementor-element-33650a7 e-con-full e-flex e-con e-child\" data-id=\"33650a7\" data-element_type=\"container\" data-e-type=\"container\" data-settings=\"{&quot;background_background&quot;:&quot;slideshow&quot;,&quot;background_slideshow_gallery&quot;:[{&quot;id&quot;:3630,&quot;url&quot;:&quot;https:\\\/\\\/www.hotelsporting-morzine.com.preprod.eliophot.dev\\\/wp-content\\\/uploads\\\/2025\\\/11\\\/piscine-sporting.jpg&quot;},{&quot;id&quot;:4238,&quot;url&quot;:&quot;https:\\\/\\\/www.hotelsporting-morzine.com.preprod.eliophot.dev\\\/wp-content\\\/uploads\\\/2026\\\/05\\\/coin-snacking-sporting.jpg&quot;}],&quot;background_slideshow_slide_duration&quot;:3000,&quot;background_slideshow_loop&quot;:&quot;yes&quot;,&quot;background_slideshow_slide_transition&quot;:&quot;fade&quot;,&quot;background_slideshow_transition_duration&quot;:500}\">\n\t\t\t\t<\/div>\n\t\t\t\t<\/div>\n\t\t<div class=\"elementor-element elementor-element-870f52d e-con-full maillage e-flex e-con e-parent\" data-id=\"870f52d\" data-element_type=\"container\" data-e-type=\"container\">\n\t\t<div class=\"elementor-element elementor-element-d1e89af fade-maillage-container e-flex e-con-boxed e-con e-child\" data-id=\"d1e89af\" data-element_type=\"container\" data-e-type=\"container\" data-settings=\"{&quot;background_background&quot;:&quot;classic&quot;}\">\n\t\t\t\t\t<div class=\"e-con-inner\">\n\t\t<div class=\"elementor-element elementor-element-c2b74f2 fade-maillage-block e-flex e-con-boxed e-con e-child\" data-id=\"c2b74f2\" data-element_type=\"container\" data-e-type=\"container\">\n\t\t\t\t\t<div class=\"e-con-inner\">\n\t\t\t\t<div class=\"elementor-element elementor-element-f36543c fade-maillage-title elementor-widget elementor-widget-heading\" data-id=\"f36543c\" data-element_type=\"widget\" data-e-type=\"widget\" data-widget_type=\"heading.default\">\n\t\t\t\t<div class=\"elementor-widget-container\">\n\t\t\t\t\t<h2 class=\"elementor-heading-title elementor-size-default\">H\u00f4tel<\/h2>\t\t\t\t<\/div>\n\t\t\t\t<\/div>\n\t\t<div class=\"elementor-element elementor-element-8616aa4 fade-button button-2 e-flex e-con-boxed e-con e-child\" data-id=\"8616aa4\" data-element_type=\"container\" data-e-type=\"container\">\n\t\t\t\t\t<div class=\"e-con-inner\">\n\t\t\t\t<div class=\"elementor-element elementor-element-af3f2af elementor-align-justify elementor-widget elementor-widget-button\" data-id=\"af3f2af\" data-element_type=\"widget\" data-e-type=\"widget\" data-widget_type=\"button.default\">\n\t\t\t\t<div class=\"elementor-widget-container\">\n\t\t\t\t\t\t\t\t\t<div class=\"elementor-button-wrapper\">\n\t\t\t\t\t<a class=\"elementor-button elementor-button-link elementor-size-sm\" href=\"https:\/\/www.hotelsporting-morzine.com.preprod.eliophot.dev\/en\/hotel\/\">\n\t\t\t\t\t\t<span class=\"elementor-button-content-wrapper\">\n\t\t\t\t\t\t\t\t\t<span class=\"elementor-button-text\">D\u00e9couvrir<\/span>\n\t\t\t\t\t<\/span>\n\t\t\t\t\t<\/a>\n\t\t\t\t<\/div>\n\t\t\t\t\t\t\t\t<\/div>\n\t\t\t\t<\/div>\n\t\t\t\t\t<\/div>\n\t\t\t\t<\/div>\n\t\t\t\t\t<\/div>\n\t\t\t\t<\/div>\n\t\t\t\t\t<\/div>\n\t\t\t\t<\/div>\n\t\t<div class=\"elementor-element elementor-element-af0ba30 fade-maillage-container e-flex e-con-boxed e-con e-child\" data-id=\"af0ba30\" data-element_type=\"container\" data-e-type=\"container\" data-settings=\"{&quot;background_background&quot;:&quot;classic&quot;}\">\n\t\t\t\t\t<div class=\"e-con-inner\">\n\t\t<div class=\"elementor-element elementor-element-080ed21 fade-maillage-block e-flex e-con-boxed e-con e-child\" data-id=\"080ed21\" data-element_type=\"container\" data-e-type=\"container\">\n\t\t\t\t\t<div class=\"e-con-inner\">\n\t\t\t\t<div class=\"elementor-element elementor-element-35c8332 fade-maillage-title elementor-widget elementor-widget-heading\" data-id=\"35c8332\" data-element_type=\"widget\" data-e-type=\"widget\" data-widget_type=\"heading.default\">\n\t\t\t\t<div class=\"elementor-widget-container\">\n\t\t\t\t\t<h2 class=\"elementor-heading-title elementor-size-default\">Chambres<\/h2>\t\t\t\t<\/div>\n\t\t\t\t<\/div>\n\t\t<div class=\"elementor-element elementor-element-a1facc7 fade-button button-2 e-flex e-con-boxed e-con e-child\" data-id=\"a1facc7\" data-element_type=\"container\" data-e-type=\"container\">\n\t\t\t\t\t<div class=\"e-con-inner\">\n\t\t\t\t<div class=\"elementor-element elementor-element-6b3c6cc elementor-align-justify elementor-widget elementor-widget-button\" data-id=\"6b3c6cc\" data-element_type=\"widget\" data-e-type=\"widget\" data-widget_type=\"button.default\">\n\t\t\t\t<div class=\"elementor-widget-container\">\n\t\t\t\t\t\t\t\t\t<div class=\"elementor-button-wrapper\">\n\t\t\t\t\t<a class=\"elementor-button elementor-button-link elementor-size-sm\" href=\"https:\/\/www.hotelsporting-morzine.com.preprod.eliophot.dev\/en\/chambres\/\">\n\t\t\t\t\t\t<span class=\"elementor-button-content-wrapper\">\n\t\t\t\t\t\t\t\t\t<span class=\"elementor-button-text\">D\u00e9couvrir<\/span>\n\t\t\t\t\t<\/span>\n\t\t\t\t\t<\/a>\n\t\t\t\t<\/div>\n\t\t\t\t\t\t\t\t<\/div>\n\t\t\t\t<\/div>\n\t\t\t\t\t<\/div>\n\t\t\t\t<\/div>\n\t\t\t\t\t<\/div>\n\t\t\t\t<\/div>\n\t\t\t\t\t<\/div>\n\t\t\t\t<\/div>\n\t\t<div class=\"elementor-element elementor-element-9726ecb fade-maillage-container e-flex e-con-boxed e-con e-child\" data-id=\"9726ecb\" data-element_type=\"container\" data-e-type=\"container\" data-settings=\"{&quot;background_background&quot;:&quot;classic&quot;}\">\n\t\t\t\t\t<div class=\"e-con-inner\">\n\t\t<div class=\"elementor-element elementor-element-ddd7fe4 fade-maillage-block e-flex e-con-boxed e-con e-child\" data-id=\"ddd7fe4\" data-element_type=\"container\" data-e-type=\"container\">\n\t\t\t\t\t<div class=\"e-con-inner\">\n\t\t\t\t<div class=\"elementor-element elementor-element-30578cf fade-maillage-title elementor-widget elementor-widget-heading\" data-id=\"30578cf\" data-element_type=\"widget\" data-e-type=\"widget\" data-widget_type=\"heading.default\">\n\t\t\t\t<div class=\"elementor-widget-container\">\n\t\t\t\t\t<h2 class=\"elementor-heading-title elementor-size-default\">Tourisme<\/h2>\t\t\t\t<\/div>\n\t\t\t\t<\/div>\n\t\t<div class=\"elementor-element elementor-element-9466bc9 fade-button button-2 e-flex e-con-boxed e-con e-child\" data-id=\"9466bc9\" data-element_type=\"container\" data-e-type=\"container\">\n\t\t\t\t\t<div class=\"e-con-inner\">\n\t\t\t\t<div class=\"elementor-element elementor-element-122f66d elementor-align-justify elementor-widget elementor-widget-button\" data-id=\"122f66d\" data-element_type=\"widget\" data-e-type=\"widget\" data-widget_type=\"button.default\">\n\t\t\t\t<div class=\"elementor-widget-container\">\n\t\t\t\t\t\t\t\t\t<div class=\"elementor-button-wrapper\">\n\t\t\t\t\t<a class=\"elementor-button elementor-button-link elementor-size-sm\" href=\"https:\/\/www.hotelsporting-morzine.com.preprod.eliophot.dev\/en\/tourisme\/\">\n\t\t\t\t\t\t<span class=\"elementor-button-content-wrapper\">\n\t\t\t\t\t\t\t\t\t<span class=\"elementor-button-text\">D\u00e9couvrir<\/span>\n\t\t\t\t\t<\/span>\n\t\t\t\t\t<\/a>\n\t\t\t\t<\/div>\n\t\t\t\t\t\t\t\t<\/div>\n\t\t\t\t<\/div>\n\t\t\t\t\t<\/div>\n\t\t\t\t<\/div>\n\t\t\t\t\t<\/div>\n\t\t\t\t<\/div>\n\t\t\t\t\t<\/div>\n\t\t\t\t<\/div>\n\t\t\t\t<\/div>\n\t\t\t\t<\/div>\n\t\t","protected":false},"excerpt":{"rendered":"<p>Restauration dans votre h\u00f4tel de charme \u00e0 Morzine Petit-d\u00e9jeuner H\u00f4tel gourmand \u00e0 Morzine Le petit d\u00e9jeuner \u00e9tant l\u2019un des repas les plus importants, surtout \u00e0 la montagne, nous attachons une importance particuli\u00e8re aux produits que nous servons : p\u00e2tisseries et confitures maison, viennoiseries, fromages et charcuteries de la r\u00e9gion, \u0153ufs&#8230; Bar &amp; snacking Le bar [&hellip;]<\/p>\n","protected":false},"author":7,"featured_media":0,"parent":0,"menu_order":0,"comment_status":"closed","ping_status":"closed","template":"","meta":{"_acf_changed":false,"inline_featured_image":false,"footnotes":""},"class_list":["post-65","page","type-page","status-publish","hentry"],"acf":[],"_links":{"self":[{"href":"https:\/\/www.hotelsporting-morzine.com.preprod.eliophot.dev\/en\/wp-json\/wp\/v2\/pages\/65","targetHints":{"allow":["GET"]}}],"collection":[{"href":"https:\/\/www.hotelsporting-morzine.com.preprod.eliophot.dev\/en\/wp-json\/wp\/v2\/pages"}],"about":[{"href":"https:\/\/www.hotelsporting-morzine.com.preprod.eliophot.dev\/en\/wp-json\/wp\/v2\/types\/page"}],"author":[{"embeddable":true,"href":"https:\/\/www.hotelsporting-morzine.com.preprod.eliophot.dev\/en\/wp-json\/wp\/v2\/users\/7"}],"replies":[{"embeddable":true,"href":"https:\/\/www.hotelsporting-morzine.com.preprod.eliophot.dev\/en\/wp-json\/wp\/v2\/comments?post=65"}],"version-history":[{"count":176,"href":"https:\/\/www.hotelsporting-morzine.com.preprod.eliophot.dev\/en\/wp-json\/wp\/v2\/pages\/65\/revisions"}],"predecessor-version":[{"id":4244,"href":"https:\/\/www.hotelsporting-morzine.com.preprod.eliophot.dev\/en\/wp-json\/wp\/v2\/pages\/65\/revisions\/4244"}],"wp:attachment":[{"href":"https:\/\/www.hotelsporting-morzine.com.preprod.eliophot.dev\/en\/wp-json\/wp\/v2\/media?parent=65"}],"curies":[{"name":"wp","href":"https:\/\/api.w.org\/{rel}","templated":true}]}}