{"id":67,"date":"2023-06-19T11:11:03","date_gmt":"2023-06-19T09:11:03","guid":{"rendered":"https:\/\/www.hotelsporting-morzine.com.preprod.eliophot.dev\/?page_id=67"},"modified":"2026-05-04T16:26:44","modified_gmt":"2026-05-04T14:26:44","slug":"tourism","status":"publish","type":"page","link":"https:\/\/www.hotelsporting-morzine.com.preprod.eliophot.dev\/en\/tourisme\/","title":{"rendered":"Tourism"},"content":{"rendered":"\t\t<div data-elementor-type=\"wp-page\" data-elementor-id=\"67\" class=\"elementor elementor-67\" data-elementor-post-type=\"page\">\n\t\t\t\t<div class=\"elementor-element elementor-element-6b8ae5e e-con-full full-tourisme e-flex e-con e-parent\" data-id=\"6b8ae5e\" data-element_type=\"container\" data-e-type=\"container\" data-settings=\"{&quot;background_background&quot;:&quot;classic&quot;}\">\n\t\t<div class=\"elementor-element elementor-element-cca7d4f e-con-full tourisme-intro e-flex e-con e-child\" data-id=\"cca7d4f\" data-element_type=\"container\" data-e-type=\"container\">\n\t\t<div class=\"elementor-element elementor-element-351daa0 e-con-full animated-slow e-flex elementor-invisible e-con e-child\" data-id=\"351daa0\" data-element_type=\"container\" data-e-type=\"container\" data-settings=\"{&quot;background_background&quot;:&quot;classic&quot;,&quot;animation_delay&quot;:0,&quot;animation&quot;:&quot;fadeInLeft&quot;,&quot;animation_tablet&quot;:&quot;none&quot;}\">\n\t\t\t\t<div class=\"elementor-element elementor-element-052a499 elementor-widget elementor-widget-heading\" data-id=\"052a499\" data-element_type=\"widget\" data-e-type=\"widget\" data-widget_type=\"heading.default\">\n\t\t\t\t<div class=\"elementor-widget-container\">\n\t\t\t\t\t<h1 class=\"elementor-heading-title elementor-size-default\">Profitez de votre s\u00e9jour \u00e0 Morzine<\/h1>\t\t\t\t<\/div>\n\t\t\t\t<\/div>\n\t\t\t\t<div class=\"elementor-element elementor-element-48a6267 elementor-widget elementor-widget-text-editor\" data-id=\"48a6267\" data-element_type=\"widget\" data-e-type=\"widget\" data-widget_type=\"text-editor.default\">\n\t\t\t\t<div class=\"elementor-widget-container\">\n\t\t\t\t\t\t\t\t\t<p>En hiver, l\u2019h\u00f4tel situ\u00e9 au pied des pistes du Pleney (route \u00e0 traverser pour y acc\u00e9der) vous donne un acc\u00e8s direct au domaine des Portes du Soleil, l&rsquo;un des plus grands domaines skiables au monde avec 12 stations reli\u00e9es entre la France et la Suisse, permet d\u2019avoir acc\u00e8s l\u2019hiver \u00e0 650 km de pistes : 285 pistes dont 32 noires, 100 rouges, 122 bleues et 31 vertes. Skiez malin en gagnant du temps : Les clients du Sporting peuvent acheter leur forfait de ski directement \u00e0 la r\u00e9ception de l\u2019h\u00f4tel, et ce, \u00e0 des tarifs pr\u00e9f\u00e9rentiels.<\/p>\t\t\t\t\t\t\t\t<\/div>\n\t\t\t\t<\/div>\n\t\t\t\t<div class=\"elementor-element elementor-element-31e2b21 elementor-widget elementor-widget-text-editor\" data-id=\"31e2b21\" data-element_type=\"widget\" data-e-type=\"widget\" data-widget_type=\"text-editor.default\">\n\t\t\t\t<div class=\"elementor-widget-container\">\n\t\t\t\t\t\t\t\t\t<p>L\u2019\u00e9t\u00e9, Morzine-Avoriaz enl\u00e8ve son blanc manteau et d\u00e9roule ses sentiers balis\u00e9s au c\u0153ur d\u2019une nature pr\u00e9serv\u00e9e. Elle devient le paradis de toutes les randonn\u00e9es, du cyclotourisme et du VTT. L\u2019h\u00f4tel, situ\u00e9 au pied du mythique Col de Joux Plane donne acc\u00e8s \u00e0 un superbe terrain de jeux qui fait la joie des passionn\u00e9s de v\u00e9los, de trail, de motos ou tout simplement d\u2019\u00e9vasion.<\/p>\t\t\t\t\t\t\t\t<\/div>\n\t\t\t\t<\/div>\n\t\t\t\t<\/div>\n\t\t<div class=\"elementor-element elementor-element-bf0e851 e-con-full animated-slow e-flex e-con e-child\" data-id=\"bf0e851\" data-element_type=\"container\" data-e-type=\"container\" data-settings=\"{&quot;animation_delay&quot;:100,&quot;animation&quot;:&quot;none&quot;}\">\n\t\t\t\t<div class=\"elementor-element elementor-element-d89a61d elementor-widget__width-inherit elementor-absolute intro-img animated-slow elementor-invisible elementor-widget elementor-widget-image\" data-id=\"d89a61d\" data-element_type=\"widget\" data-e-type=\"widget\" data-settings=\"{&quot;_position&quot;:&quot;absolute&quot;,&quot;_animation&quot;:&quot;fadeIn&quot;,&quot;_animation_tablet&quot;:&quot;none&quot;,&quot;_animation_delay&quot;:500}\" data-widget_type=\"image.default\">\n\t\t\t\t<div class=\"elementor-widget-container\">\n\t\t\t\t\t\t\t\t\t\t\t\t\t\t\t<img fetchpriority=\"high\" decoding=\"async\" width=\"1554\" height=\"1166\" src=\"https:\/\/www.hotelsporting-morzine.com.preprod.eliophot.dev\/wp-content\/uploads\/2026\/05\/neige-tourisme.jpg\" class=\"attachment-full size-full wp-image-4229\" alt=\"\" srcset=\"https:\/\/www.hotelsporting-morzine.com.preprod.eliophot.dev\/wp-content\/uploads\/2026\/05\/neige-tourisme.jpg 1554w, https:\/\/www.hotelsporting-morzine.com.preprod.eliophot.dev\/wp-content\/uploads\/2026\/05\/neige-tourisme-300x225.jpg 300w, https:\/\/www.hotelsporting-morzine.com.preprod.eliophot.dev\/wp-content\/uploads\/2026\/05\/neige-tourisme-1024x768.jpg 1024w, https:\/\/www.hotelsporting-morzine.com.preprod.eliophot.dev\/wp-content\/uploads\/2026\/05\/neige-tourisme-768x576.jpg 768w, https:\/\/www.hotelsporting-morzine.com.preprod.eliophot.dev\/wp-content\/uploads\/2026\/05\/neige-tourisme-1536x1152.jpg 1536w, https:\/\/www.hotelsporting-morzine.com.preprod.eliophot.dev\/wp-content\/uploads\/2026\/05\/neige-tourisme-16x12.jpg 16w\" sizes=\"(max-width: 1554px) 100vw, 1554px\" title=\"\">\t\t\t\t\t\t\t\t\t\t\t\t\t\t\t<\/div>\n\t\t\t\t<\/div>\n\t\t\t\t<div class=\"elementor-element elementor-element-a33e00c sticky-title elementor-widget elementor-widget-heading\" data-id=\"a33e00c\" data-element_type=\"widget\" data-e-type=\"widget\" data-settings=\"{&quot;sticky&quot;:&quot;bottom&quot;,&quot;sticky_offset&quot;:40,&quot;sticky_on&quot;:[&quot;desktop&quot;,&quot;tablet&quot;,&quot;mobile&quot;],&quot;sticky_effects_offset&quot;:0,&quot;sticky_anchor_link_offset&quot;:0}\" data-widget_type=\"heading.default\">\n\t\t\t\t<div class=\"elementor-widget-container\">\n\t\t\t\t\t<span class=\"elementor-heading-title elementor-size-default\">Tourisme<\/span>\t\t\t\t<\/div>\n\t\t\t\t<\/div>\n\t\t\t\t<\/div>\n\t\t\t\t<\/div>\n\t\t\t\t<\/div>\n\t\t<div class=\"elementor-element elementor-element-fe5f7aa e-flex e-con-boxed e-con e-parent\" data-id=\"fe5f7aa\" data-element_type=\"container\" data-e-type=\"container\">\n\t\t\t\t\t<div class=\"e-con-inner\">\n\t\t<div class=\"elementor-element elementor-element-ff72848 e-con-full e-flex e-con e-child\" data-id=\"ff72848\" data-element_type=\"container\" data-e-type=\"container\">\n\t\t\t\t<div class=\"elementor-element elementor-element-98677a6 elementor-widget elementor-widget-image\" data-id=\"98677a6\" data-element_type=\"widget\" data-e-type=\"widget\" data-widget_type=\"image.default\">\n\t\t\t\t<div class=\"elementor-widget-container\">\n\t\t\t\t\t\t\t\t\t\t\t\t\t\t\t<img decoding=\"async\" width=\"1675\" height=\"1256\" src=\"https:\/\/www.hotelsporting-morzine.com.preprod.eliophot.dev\/wp-content\/uploads\/2026\/05\/ski-morzine-hotel-sporting.jpg\" class=\"attachment-full size-full wp-image-4230\" alt=\"\" srcset=\"https:\/\/www.hotelsporting-morzine.com.preprod.eliophot.dev\/wp-content\/uploads\/2026\/05\/ski-morzine-hotel-sporting.jpg 1675w, https:\/\/www.hotelsporting-morzine.com.preprod.eliophot.dev\/wp-content\/uploads\/2026\/05\/ski-morzine-hotel-sporting-300x225.jpg 300w, https:\/\/www.hotelsporting-morzine.com.preprod.eliophot.dev\/wp-content\/uploads\/2026\/05\/ski-morzine-hotel-sporting-1024x768.jpg 1024w, https:\/\/www.hotelsporting-morzine.com.preprod.eliophot.dev\/wp-content\/uploads\/2026\/05\/ski-morzine-hotel-sporting-768x576.jpg 768w, https:\/\/www.hotelsporting-morzine.com.preprod.eliophot.dev\/wp-content\/uploads\/2026\/05\/ski-morzine-hotel-sporting-1536x1152.jpg 1536w, https:\/\/www.hotelsporting-morzine.com.preprod.eliophot.dev\/wp-content\/uploads\/2026\/05\/ski-morzine-hotel-sporting-16x12.jpg 16w\" sizes=\"(max-width: 1675px) 100vw, 1675px\" title=\"\">\t\t\t\t\t\t\t\t\t\t\t\t\t\t\t<\/div>\n\t\t\t\t<\/div>\n\t\t<div class=\"elementor-element elementor-element-70d3196 e-con-full e-flex e-con e-child\" data-id=\"70d3196\" data-element_type=\"container\" data-e-type=\"container\" data-settings=\"{&quot;background_background&quot;:&quot;classic&quot;}\">\n\t\t\t\t<div class=\"elementor-element elementor-element-4a02c68 elementor-widget elementor-widget-heading\" data-id=\"4a02c68\" data-element_type=\"widget\" data-e-type=\"widget\" data-widget_type=\"heading.default\">\n\t\t\t\t<div class=\"elementor-widget-container\">\n\t\t\t\t\t<h3 class=\"elementor-heading-title elementor-size-default\">Domaine des portes du soleil<\/h3>\t\t\t\t<\/div>\n\t\t\t\t<\/div>\n\t\t\t\t<div class=\"elementor-element elementor-element-0030127 elementor-widget elementor-widget-text-editor\" data-id=\"0030127\" data-element_type=\"widget\" data-e-type=\"widget\" data-widget_type=\"text-editor.default\">\n\t\t\t\t<div class=\"elementor-widget-container\">\n\t\t\t\t\t\t\t\t\t<p>Un terrain de jeu unique entre France et Suisse<\/p>\t\t\t\t\t\t\t\t<\/div>\n\t\t\t\t<\/div>\n\t\t<div class=\"elementor-element elementor-element-bd68432 fade-button button-3 e-flex e-con-boxed e-con e-child\" data-id=\"bd68432\" data-element_type=\"container\" data-e-type=\"container\">\n\t\t\t\t\t<div class=\"e-con-inner\">\n\t\t\t\t<div class=\"elementor-element elementor-element-f67d5cc elementor-align-justify elementor-widget elementor-widget-button\" data-id=\"f67d5cc\" data-element_type=\"widget\" data-e-type=\"widget\" data-widget_type=\"button.default\">\n\t\t\t\t<div class=\"elementor-widget-container\">\n\t\t\t\t\t\t\t\t\t<div class=\"elementor-button-wrapper\">\n\t\t\t\t\t<a class=\"elementor-button elementor-button-link elementor-size-sm\" href=\"https:\/\/www.hotelsporting-morzine.com.preprod.eliophot.dev\/en\/tourisme\/sejour-haute-savoie\/\">\n\t\t\t\t\t\t<span class=\"elementor-button-content-wrapper\">\n\t\t\t\t\t\t\t\t\t<span class=\"elementor-button-text\">D\u00e9couvrir<\/span>\n\t\t\t\t\t<\/span>\n\t\t\t\t\t<\/a>\n\t\t\t\t<\/div>\n\t\t\t\t\t\t\t\t<\/div>\n\t\t\t\t<\/div>\n\t\t\t\t\t<\/div>\n\t\t\t\t<\/div>\n\t\t\t\t<\/div>\n\t\t\t\t<\/div>\n\t\t<div class=\"elementor-element elementor-element-c644d54 e-con-full e-flex e-con e-child\" data-id=\"c644d54\" data-element_type=\"container\" data-e-type=\"container\">\n\t\t\t\t<div class=\"elementor-element elementor-element-5e60b12 elementor-widget elementor-widget-image\" data-id=\"5e60b12\" data-element_type=\"widget\" data-e-type=\"widget\" data-widget_type=\"image.default\">\n\t\t\t\t<div class=\"elementor-widget-container\">\n\t\t\t\t\t\t\t\t\t\t\t\t\t\t\t<img decoding=\"async\" width=\"2121\" height=\"1414\" src=\"https:\/\/www.hotelsporting-morzine.com.preprod.eliophot.dev\/wp-content\/uploads\/2025\/11\/chamonix-1.jpg\" class=\"attachment-full size-full wp-image-3654\" alt=\"\" srcset=\"https:\/\/www.hotelsporting-morzine.com.preprod.eliophot.dev\/wp-content\/uploads\/2025\/11\/chamonix-1.jpg 2121w, https:\/\/www.hotelsporting-morzine.com.preprod.eliophot.dev\/wp-content\/uploads\/2025\/11\/chamonix-1-300x200.jpg 300w, https:\/\/www.hotelsporting-morzine.com.preprod.eliophot.dev\/wp-content\/uploads\/2025\/11\/chamonix-1-1024x683.jpg 1024w, https:\/\/www.hotelsporting-morzine.com.preprod.eliophot.dev\/wp-content\/uploads\/2025\/11\/chamonix-1-768x512.jpg 768w, https:\/\/www.hotelsporting-morzine.com.preprod.eliophot.dev\/wp-content\/uploads\/2025\/11\/chamonix-1-1536x1024.jpg 1536w, https:\/\/www.hotelsporting-morzine.com.preprod.eliophot.dev\/wp-content\/uploads\/2025\/11\/chamonix-1-2048x1365.jpg 2048w, https:\/\/www.hotelsporting-morzine.com.preprod.eliophot.dev\/wp-content\/uploads\/2025\/11\/chamonix-1-18x12.jpg 18w\" sizes=\"(max-width: 2121px) 100vw, 2121px\" title=\"\">\t\t\t\t\t\t\t\t\t\t\t\t\t\t\t<\/div>\n\t\t\t\t<\/div>\n\t\t<div class=\"elementor-element elementor-element-15e9791 e-con-full e-flex e-con e-child\" data-id=\"15e9791\" data-element_type=\"container\" data-e-type=\"container\" data-settings=\"{&quot;background_background&quot;:&quot;classic&quot;}\">\n\t\t\t\t<div class=\"elementor-element elementor-element-451a781 elementor-widget elementor-widget-heading\" data-id=\"451a781\" data-element_type=\"widget\" data-e-type=\"widget\" data-widget_type=\"heading.default\">\n\t\t\t\t<div class=\"elementor-widget-container\">\n\t\t\t\t\t<h3 class=\"elementor-heading-title elementor-size-default\">Chamonix Mont-Blanc<\/h3>\t\t\t\t<\/div>\n\t\t\t\t<\/div>\n\t\t\t\t<div class=\"elementor-element elementor-element-e79ef96 elementor-widget elementor-widget-text-editor\" data-id=\"e79ef96\" data-element_type=\"widget\" data-e-type=\"widget\" data-widget_type=\"text-editor.default\">\n\t\t\t\t<div class=\"elementor-widget-container\">\n\t\t\t\t\t\t\t\t\t<p>Un site mythique au pied du plus haut sommet d\u2019Europe<\/p>\t\t\t\t\t\t\t\t<\/div>\n\t\t\t\t<\/div>\n\t\t<div class=\"elementor-element elementor-element-703196b fade-button button-3 e-flex e-con-boxed e-con e-child\" data-id=\"703196b\" data-element_type=\"container\" data-e-type=\"container\">\n\t\t\t\t\t<div class=\"e-con-inner\">\n\t\t\t\t<div class=\"elementor-element elementor-element-6191ebb elementor-align-justify elementor-widget elementor-widget-button\" data-id=\"6191ebb\" data-element_type=\"widget\" data-e-type=\"widget\" data-widget_type=\"button.default\">\n\t\t\t\t<div class=\"elementor-widget-container\">\n\t\t\t\t\t\t\t\t\t<div class=\"elementor-button-wrapper\">\n\t\t\t\t\t<a class=\"elementor-button elementor-button-link elementor-size-sm\" href=\"https:\/\/www.hotelsporting-morzine.com.preprod.eliophot.dev\/en\/tourisme\/sejour-chamonix\/\">\n\t\t\t\t\t\t<span class=\"elementor-button-content-wrapper\">\n\t\t\t\t\t\t\t\t\t<span class=\"elementor-button-text\">D\u00e9couvrir<\/span>\n\t\t\t\t\t<\/span>\n\t\t\t\t\t<\/a>\n\t\t\t\t<\/div>\n\t\t\t\t\t\t\t\t<\/div>\n\t\t\t\t<\/div>\n\t\t\t\t\t<\/div>\n\t\t\t\t<\/div>\n\t\t\t\t<\/div>\n\t\t\t\t<\/div>\n\t\t\t\t\t<\/div>\n\t\t\t\t<\/div>\n\t\t<div class=\"elementor-element elementor-element-79ae87c e-flex e-con-boxed e-con e-parent\" data-id=\"79ae87c\" data-element_type=\"container\" data-e-type=\"container\">\n\t\t\t\t\t<div class=\"e-con-inner\">\n\t\t<div class=\"elementor-element elementor-element-e4305bf e-con-full e-flex e-con e-child\" data-id=\"e4305bf\" data-element_type=\"container\" data-e-type=\"container\">\n\t\t\t\t<div class=\"elementor-element elementor-element-3e812b4 elementor-widget elementor-widget-image\" data-id=\"3e812b4\" data-element_type=\"widget\" data-e-type=\"widget\" data-widget_type=\"image.default\">\n\t\t\t\t<div class=\"elementor-widget-container\">\n\t\t\t\t\t\t\t\t\t\t\t\t\t\t\t<img loading=\"lazy\" decoding=\"async\" width=\"2118\" height=\"1416\" src=\"https:\/\/www.hotelsporting-morzine.com.preprod.eliophot.dev\/wp-content\/uploads\/2025\/11\/lac-leman.jpg\" class=\"attachment-full size-full wp-image-3677\" alt=\"\" srcset=\"https:\/\/www.hotelsporting-morzine.com.preprod.eliophot.dev\/wp-content\/uploads\/2025\/11\/lac-leman.jpg 2118w, https:\/\/www.hotelsporting-morzine.com.preprod.eliophot.dev\/wp-content\/uploads\/2025\/11\/lac-leman-300x201.jpg 300w, https:\/\/www.hotelsporting-morzine.com.preprod.eliophot.dev\/wp-content\/uploads\/2025\/11\/lac-leman-1024x685.jpg 1024w, https:\/\/www.hotelsporting-morzine.com.preprod.eliophot.dev\/wp-content\/uploads\/2025\/11\/lac-leman-768x513.jpg 768w, https:\/\/www.hotelsporting-morzine.com.preprod.eliophot.dev\/wp-content\/uploads\/2025\/11\/lac-leman-1536x1027.jpg 1536w, https:\/\/www.hotelsporting-morzine.com.preprod.eliophot.dev\/wp-content\/uploads\/2025\/11\/lac-leman-2048x1369.jpg 2048w, https:\/\/www.hotelsporting-morzine.com.preprod.eliophot.dev\/wp-content\/uploads\/2025\/11\/lac-leman-18x12.jpg 18w\" sizes=\"(max-width: 2118px) 100vw, 2118px\" title=\"\">\t\t\t\t\t\t\t\t\t\t\t\t\t\t\t<\/div>\n\t\t\t\t<\/div>\n\t\t<div class=\"elementor-element elementor-element-87b618b e-con-full e-flex e-con e-child\" data-id=\"87b618b\" data-element_type=\"container\" data-e-type=\"container\" data-settings=\"{&quot;background_background&quot;:&quot;classic&quot;}\">\n\t\t\t\t<div class=\"elementor-element elementor-element-334f811 elementor-widget elementor-widget-heading\" data-id=\"334f811\" data-element_type=\"widget\" data-e-type=\"widget\" data-widget_type=\"heading.default\">\n\t\t\t\t<div class=\"elementor-widget-container\">\n\t\t\t\t\t<h3 class=\"elementor-heading-title elementor-size-default\">\u00c9vian &amp; Lac L\u00e9man<\/h3>\t\t\t\t<\/div>\n\t\t\t\t<\/div>\n\t\t\t\t<div class=\"elementor-element elementor-element-11e7ef4 elementor-widget elementor-widget-text-editor\" data-id=\"11e7ef4\" data-element_type=\"widget\" data-e-type=\"widget\" data-widget_type=\"text-editor.default\">\n\t\t\t\t<div class=\"elementor-widget-container\">\n\t\t\t\t\t\t\t\t\t<p>Une ville thermale tourn\u00e9e vers l\u2019eau et le bien-\u00eatre<\/p>\t\t\t\t\t\t\t\t<\/div>\n\t\t\t\t<\/div>\n\t\t<div class=\"elementor-element elementor-element-079a3de fade-button button-3 e-flex e-con-boxed e-con e-child\" data-id=\"079a3de\" data-element_type=\"container\" data-e-type=\"container\">\n\t\t\t\t\t<div class=\"e-con-inner\">\n\t\t\t\t<div class=\"elementor-element elementor-element-bb45d6b elementor-align-justify elementor-widget elementor-widget-button\" data-id=\"bb45d6b\" data-element_type=\"widget\" data-e-type=\"widget\" data-widget_type=\"button.default\">\n\t\t\t\t<div class=\"elementor-widget-container\">\n\t\t\t\t\t\t\t\t\t<div class=\"elementor-button-wrapper\">\n\t\t\t\t\t<a class=\"elementor-button elementor-button-link elementor-size-sm\" href=\"https:\/\/www.hotelsporting-morzine.com.preprod.eliophot.dev\/en\/tourisme\/sejour-lac-leman\/\">\n\t\t\t\t\t\t<span class=\"elementor-button-content-wrapper\">\n\t\t\t\t\t\t\t\t\t<span class=\"elementor-button-text\">D\u00e9couvrir<\/span>\n\t\t\t\t\t<\/span>\n\t\t\t\t\t<\/a>\n\t\t\t\t<\/div>\n\t\t\t\t\t\t\t\t<\/div>\n\t\t\t\t<\/div>\n\t\t\t\t\t<\/div>\n\t\t\t\t<\/div>\n\t\t\t\t<\/div>\n\t\t\t\t<\/div>\n\t\t<div class=\"elementor-element elementor-element-add0b82 e-con-full e-flex e-con e-child\" data-id=\"add0b82\" data-element_type=\"container\" data-e-type=\"container\">\n\t\t\t\t<div class=\"elementor-element elementor-element-303a5a4 elementor-widget elementor-widget-image\" data-id=\"303a5a4\" data-element_type=\"widget\" data-e-type=\"widget\" data-widget_type=\"image.default\">\n\t\t\t\t<div class=\"elementor-widget-container\">\n\t\t\t\t\t\t\t\t\t\t\t\t\t\t\t<img loading=\"lazy\" decoding=\"async\" width=\"2048\" height=\"1536\" src=\"https:\/\/www.hotelsporting-morzine.com.preprod.eliophot.dev\/wp-content\/uploads\/2025\/11\/annecy-1.jpg\" class=\"attachment-full size-full wp-image-3660\" alt=\"\" srcset=\"https:\/\/www.hotelsporting-morzine.com.preprod.eliophot.dev\/wp-content\/uploads\/2025\/11\/annecy-1.jpg 2048w, https:\/\/www.hotelsporting-morzine.com.preprod.eliophot.dev\/wp-content\/uploads\/2025\/11\/annecy-1-300x225.jpg 300w, https:\/\/www.hotelsporting-morzine.com.preprod.eliophot.dev\/wp-content\/uploads\/2025\/11\/annecy-1-1024x768.jpg 1024w, https:\/\/www.hotelsporting-morzine.com.preprod.eliophot.dev\/wp-content\/uploads\/2025\/11\/annecy-1-768x576.jpg 768w, https:\/\/www.hotelsporting-morzine.com.preprod.eliophot.dev\/wp-content\/uploads\/2025\/11\/annecy-1-1536x1152.jpg 1536w, https:\/\/www.hotelsporting-morzine.com.preprod.eliophot.dev\/wp-content\/uploads\/2025\/11\/annecy-1-16x12.jpg 16w\" sizes=\"(max-width: 2048px) 100vw, 2048px\" title=\"\">\t\t\t\t\t\t\t\t\t\t\t\t\t\t\t<\/div>\n\t\t\t\t<\/div>\n\t\t<div class=\"elementor-element elementor-element-f294f0d e-con-full e-flex e-con e-child\" data-id=\"f294f0d\" data-element_type=\"container\" data-e-type=\"container\" data-settings=\"{&quot;background_background&quot;:&quot;classic&quot;}\">\n\t\t\t\t<div class=\"elementor-element elementor-element-c3dac80 elementor-widget elementor-widget-heading\" data-id=\"c3dac80\" data-element_type=\"widget\" data-e-type=\"widget\" data-widget_type=\"heading.default\">\n\t\t\t\t<div class=\"elementor-widget-container\">\n\t\t\t\t\t<h3 class=\"elementor-heading-title elementor-size-default\">Annecy<\/h3>\t\t\t\t<\/div>\n\t\t\t\t<\/div>\n\t\t\t\t<div class=\"elementor-element elementor-element-fbf2857 elementor-widget elementor-widget-text-editor\" data-id=\"fbf2857\" data-element_type=\"widget\" data-e-type=\"widget\" data-widget_type=\"text-editor.default\">\n\t\t\t\t<div class=\"elementor-widget-container\">\n\t\t\t\t\t\t\t\t\t<p>Annecy, la perle des Alpes<\/p>\t\t\t\t\t\t\t\t<\/div>\n\t\t\t\t<\/div>\n\t\t<div class=\"elementor-element elementor-element-30cac6c fade-button button-3 e-flex e-con-boxed e-con e-child\" data-id=\"30cac6c\" data-element_type=\"container\" data-e-type=\"container\">\n\t\t\t\t\t<div class=\"e-con-inner\">\n\t\t\t\t<div class=\"elementor-element elementor-element-c4fed4b elementor-align-justify elementor-widget elementor-widget-button\" data-id=\"c4fed4b\" data-element_type=\"widget\" data-e-type=\"widget\" data-widget_type=\"button.default\">\n\t\t\t\t<div class=\"elementor-widget-container\">\n\t\t\t\t\t\t\t\t\t<div class=\"elementor-button-wrapper\">\n\t\t\t\t\t<a class=\"elementor-button elementor-button-link elementor-size-sm\" href=\"https:\/\/www.hotelsporting-morzine.com.preprod.eliophot.dev\/en\/tourisme\/sejour-annecy\/\">\n\t\t\t\t\t\t<span class=\"elementor-button-content-wrapper\">\n\t\t\t\t\t\t\t\t\t<span class=\"elementor-button-text\">D\u00e9couvrir<\/span>\n\t\t\t\t\t<\/span>\n\t\t\t\t\t<\/a>\n\t\t\t\t<\/div>\n\t\t\t\t\t\t\t\t<\/div>\n\t\t\t\t<\/div>\n\t\t\t\t\t<\/div>\n\t\t\t\t<\/div>\n\t\t\t\t<\/div>\n\t\t\t\t<\/div>\n\t\t\t\t\t<\/div>\n\t\t\t\t<\/div>\n\t\t\t\t<\/div>\n\t\t","protected":false},"excerpt":{"rendered":"<p>Profitez de votre s\u00e9jour \u00e0 Morzine En hiver, l\u2019h\u00f4tel situ\u00e9 au pied des pistes du Pleney (route \u00e0 traverser pour y acc\u00e9der) vous donne un acc\u00e8s direct au domaine des Portes du Soleil, l&rsquo;un des plus grands domaines skiables au monde avec 12 stations reli\u00e9es entre la France et la Suisse, permet d\u2019avoir acc\u00e8s l\u2019hiver [&hellip;]<\/p>\n","protected":false},"author":7,"featured_media":0,"parent":0,"menu_order":0,"comment_status":"closed","ping_status":"closed","template":"","meta":{"_acf_changed":false,"inline_featured_image":false,"footnotes":""},"class_list":["post-67","page","type-page","status-publish","hentry"],"acf":[],"_links":{"self":[{"href":"https:\/\/www.hotelsporting-morzine.com.preprod.eliophot.dev\/en\/wp-json\/wp\/v2\/pages\/67","targetHints":{"allow":["GET"]}}],"collection":[{"href":"https:\/\/www.hotelsporting-morzine.com.preprod.eliophot.dev\/en\/wp-json\/wp\/v2\/pages"}],"about":[{"href":"https:\/\/www.hotelsporting-morzine.com.preprod.eliophot.dev\/en\/wp-json\/wp\/v2\/types\/page"}],"author":[{"embeddable":true,"href":"https:\/\/www.hotelsporting-morzine.com.preprod.eliophot.dev\/en\/wp-json\/wp\/v2\/users\/7"}],"replies":[{"embeddable":true,"href":"https:\/\/www.hotelsporting-morzine.com.preprod.eliophot.dev\/en\/wp-json\/wp\/v2\/comments?post=67"}],"version-history":[{"count":283,"href":"https:\/\/www.hotelsporting-morzine.com.preprod.eliophot.dev\/en\/wp-json\/wp\/v2\/pages\/67\/revisions"}],"predecessor-version":[{"id":4233,"href":"https:\/\/www.hotelsporting-morzine.com.preprod.eliophot.dev\/en\/wp-json\/wp\/v2\/pages\/67\/revisions\/4233"}],"wp:attachment":[{"href":"https:\/\/www.hotelsporting-morzine.com.preprod.eliophot.dev\/en\/wp-json\/wp\/v2\/media?parent=67"}],"curies":[{"name":"wp","href":"https:\/\/api.w.org\/{rel}","templated":true}]}}