{"id":68,"date":"2023-06-19T11:11:09","date_gmt":"2023-06-19T09:11:09","guid":{"rendered":"https:\/\/www.hotelsporting-morzine.com.preprod.eliophot.dev\/?page_id=68"},"modified":"2026-05-04T16:35:08","modified_gmt":"2026-05-04T14:35:08","slug":"relaxation-area","status":"publish","type":"page","link":"https:\/\/www.hotelsporting-morzine.com.preprod.eliophot.dev\/en\/espace-detente\/","title":{"rendered":"Relaxation area"},"content":{"rendered":"<div data-elementor-type=\"wp-page\" data-elementor-id=\"68\" class=\"elementor elementor-68\" data-elementor-post-type=\"page\">\n\t\t\t\t<div class=\"elementor-element elementor-element-085c7b9 e-con-full e-flex e-con e-parent\" data-id=\"085c7b9\" data-element_type=\"container\" data-e-type=\"container\" data-settings=\"{&quot;background_background&quot;:&quot;classic&quot;}\">\n\t\t\t\t<div class=\"elementor-element elementor-element-e911aff elementor-widget elementor-widget-heading\" data-id=\"e911aff\" data-element_type=\"widget\" data-e-type=\"widget\" data-widget_type=\"heading.default\">\n\t\t\t\t<div class=\"elementor-widget-container\">\n\t\t\t\t\t<span class=\"elementor-heading-title elementor-size-default\">Relaxation area<\/span>\t\t\t\t<\/div>\n\t\t\t\t<\/div>\n\t\t\t\t<div class=\"elementor-element elementor-element-9a42b75 elementor-widget elementor-widget-heading\" data-id=\"9a42b75\" data-element_type=\"widget\" data-e-type=\"widget\" data-widget_type=\"heading.default\">\n\t\t\t\t<div class=\"elementor-widget-container\">\n\t\t\t\t\t<h1 class=\"elementor-heading-title elementor-size-default\">Hotel spa in Morzine<\/h1>\t\t\t\t<\/div>\n\t\t\t\t<\/div>\n\t\t\t\t<\/div>\n\t\t<div class=\"elementor-element elementor-element-6dd444a e-con-full fade-bloc e-flex e-con e-parent\" data-id=\"6dd444a\" data-element_type=\"container\" data-e-type=\"container\">\n\t\t<div class=\"elementor-element elementor-element-d6253a9 e-con-full e-flex e-con e-child\" data-id=\"d6253a9\" data-element_type=\"container\" data-e-type=\"container\" data-settings=\"{&quot;background_background&quot;:&quot;classic&quot;}\">\n\t\t\t\t<\/div>\n\t\t<div class=\"elementor-element elementor-element-002b89f e-con-full fade-content e-flex e-con e-child\" data-id=\"002b89f\" data-element_type=\"container\" data-e-type=\"container\" data-settings=\"{&quot;background_background&quot;:&quot;classic&quot;}\">\n\t\t<div class=\"elementor-element elementor-element-e1fe8f1 e-flex e-con-boxed e-con e-child\" data-id=\"e1fe8f1\" data-element_type=\"container\" data-e-type=\"container\">\n\t\t\t\t\t<div class=\"e-con-inner\">\n\t\t\t\t<div class=\"elementor-element elementor-element-f2cffa2 fade-title elementor-widget elementor-widget-heading\" data-id=\"f2cffa2\" data-element_type=\"widget\" data-e-type=\"widget\" data-widget_type=\"heading.default\">\n\t\t\t\t<div class=\"elementor-widget-container\">\n\t\t\t\t\t<h2 class=\"elementor-heading-title elementor-size-default\">Hotel &amp; Spa in Morzine<\/h2>\t\t\t\t<\/div>\n\t\t\t\t<\/div>\n\t\t\t\t<div class=\"elementor-element elementor-element-eb5b9df fade-subtext elementor-widget elementor-widget-text-editor\" data-id=\"eb5b9df\" data-element_type=\"widget\" data-e-type=\"widget\" data-widget_type=\"text-editor.default\">\n\t\t\t\t<div class=\"elementor-widget-container\">\n\t\t\t\t\t\t\t\t\t<p>Heated swimming pool, sauna, steam room...<\/p>\t\t\t\t\t\t\t\t<\/div>\n\t\t\t\t<\/div>\n\t\t\t\t<div class=\"elementor-element elementor-element-2d93bc6 fade-text elementor-widget elementor-widget-text-editor\" data-id=\"2d93bc6\" data-element_type=\"widget\" data-e-type=\"widget\" data-widget_type=\"text-editor.default\">\n\t\t\t\t<div class=\"elementor-widget-container\">\n\t\t\t\t\t\t\t\t\t<p>Outside, the magic of the Haute-Savoie mountains. Inside, the charm of a space dedicated to beauty and well-being. Our spa hotel in the village of Morzine has a sauna, a hammam and a treatment room where you can enjoy modelling, scrubs, facials and beauty treatments with Alpes Bien-\u00catre. A heated, semi-covered swimming pool is also available in winter.<\/p>\t\t\t\t\t\t\t\t<\/div>\n\t\t\t\t<\/div>\n\t\t\t\t\t<\/div>\n\t\t\t\t<\/div>\n\t\t\t\t<\/div>\n\t\t\t\t<\/div>\n\t\t<div class=\"elementor-element elementor-element-b9478ca e-con-full fade-bloc e-flex e-con e-parent\" data-id=\"b9478ca\" data-element_type=\"container\" data-e-type=\"container\">\n\t\t<div class=\"elementor-element elementor-element-2e5a891 e-con-full fade-content e-flex e-con e-child\" data-id=\"2e5a891\" data-element_type=\"container\" data-e-type=\"container\" data-settings=\"{&quot;background_background&quot;:&quot;classic&quot;}\">\n\t\t<div class=\"elementor-element elementor-element-10c1830 e-flex e-con-boxed e-con e-child\" data-id=\"10c1830\" data-element_type=\"container\" data-e-type=\"container\">\n\t\t\t\t\t<div class=\"e-con-inner\">\n\t\t\t\t<div class=\"elementor-element elementor-element-26ee983 fade-title elementor-widget elementor-widget-heading\" data-id=\"26ee983\" data-element_type=\"widget\" data-e-type=\"widget\" data-widget_type=\"heading.default\">\n\t\t\t\t<div class=\"elementor-widget-container\">\n\t\t\t\t\t<h2 class=\"elementor-heading-title elementor-size-default\">Modelling, facial and body treatments<\/h2>\t\t\t\t<\/div>\n\t\t\t\t<\/div>\n\t\t\t\t<div class=\"elementor-element elementor-element-a6d8db2 fade-subtext elementor-widget-mobile__width-inherit elementor-widget elementor-widget-text-editor\" data-id=\"a6d8db2\" data-element_type=\"widget\" data-e-type=\"widget\" data-widget_type=\"text-editor.default\">\n\t\t\t\t<div class=\"elementor-widget-container\">\n\t\t\t\t\t\t\t\t\t<p>Take care of yourself!<\/p>\t\t\t\t\t\t\t\t<\/div>\n\t\t\t\t<\/div>\n\t\t\t\t<div class=\"elementor-element elementor-element-e45fc6c fade-text elementor-widget elementor-widget-text-editor\" data-id=\"e45fc6c\" data-element_type=\"widget\" data-e-type=\"widget\" data-widget_type=\"text-editor.default\">\n\t\t\t\t<div class=\"elementor-widget-container\">\n\t\t\t\t\t\t\t\t\t<p>After skiing, hiking or exploring Morzine Avoriaz, indulge in a moment of pure relaxation in the hammam or sauna.<br \/>Remember to book your massages and beauty treatments before you arrive by contacting Alpes Bien-\u00catre: +336 75 63 65 38, audrey@alpes-bien-etre.fr or directly on the website https:\/\/alpes-bien-etre.fr\/, remembering to specify that you are a Sporting guest and would like to take advantage of your appointment on site.<\/p>\t\t\t\t\t\t\t\t<\/div>\n\t\t\t\t<\/div>\n\t\t\t\t<div class=\"elementor-element elementor-element-64937e4 elementor-hidden-desktop elementor-hidden-tablet elementor-hidden-mobile elementor-widget elementor-widget-button\" data-id=\"64937e4\" data-element_type=\"widget\" data-e-type=\"widget\" data-widget_type=\"button.default\">\n\t\t\t\t<div class=\"elementor-widget-container\">\n\t\t\t\t\t\t\t\t\t<div class=\"elementor-button-wrapper\">\n\t\t\t\t\t<a class=\"elementor-button elementor-button-link elementor-size-sm\" href=\"#\">\n\t\t\t\t\t\t<span class=\"elementor-button-content-wrapper\">\n\t\t\t\t\t\t<span class=\"elementor-button-icon\">\n\t\t\t\t<i aria-hidden=\"true\" class=\"eliofont eliofont-room-service\"><\/i>\t\t\t<\/span>\n\t\t\t\t\t\t\t\t\t<span class=\"elementor-button-text\">See the card<\/span>\n\t\t\t\t\t<\/span>\n\t\t\t\t\t<\/a>\n\t\t\t\t<\/div>\n\t\t\t\t\t\t\t\t<\/div>\n\t\t\t\t<\/div>\n\t\t\t\t\t<\/div>\n\t\t\t\t<\/div>\n\t\t\t\t<\/div>\n\t\t<div class=\"elementor-element elementor-element-f7d4eee e-con-full e-flex e-con e-child\" data-id=\"f7d4eee\" data-element_type=\"container\" data-e-type=\"container\" data-settings=\"{&quot;background_background&quot;:&quot;classic&quot;}\">\n\t\t\t\t<\/div>\n\t\t\t\t<\/div>\n\t\t<div class=\"elementor-element elementor-element-0706a7f e-con-full maillage e-flex e-con e-parent\" data-id=\"0706a7f\" data-element_type=\"container\" data-e-type=\"container\">\n\t\t<div class=\"elementor-element elementor-element-0249607 fade-maillage-container e-flex e-con-boxed e-con e-child\" data-id=\"0249607\" data-element_type=\"container\" data-e-type=\"container\" data-settings=\"{&quot;background_background&quot;:&quot;classic&quot;}\">\n\t\t\t\t\t<div class=\"e-con-inner\">\n\t\t<div class=\"elementor-element elementor-element-57dbc8a fade-maillage-block e-flex e-con-boxed e-con e-child\" data-id=\"57dbc8a\" data-element_type=\"container\" data-e-type=\"container\">\n\t\t\t\t\t<div class=\"e-con-inner\">\n\t\t\t\t<div class=\"elementor-element elementor-element-c59e6d2 fade-maillage-title elementor-widget elementor-widget-heading\" data-id=\"c59e6d2\" data-element_type=\"widget\" data-e-type=\"widget\" data-widget_type=\"heading.default\">\n\t\t\t\t<div class=\"elementor-widget-container\">\n\t\t\t\t\t<h2 class=\"elementor-heading-title elementor-size-default\">Rooms<\/h2>\t\t\t\t<\/div>\n\t\t\t\t<\/div>\n\t\t<div class=\"elementor-element elementor-element-c3b0c51 fade-button button-2 e-flex e-con-boxed e-con e-child\" data-id=\"c3b0c51\" data-element_type=\"container\" data-e-type=\"container\">\n\t\t\t\t\t<div class=\"e-con-inner\">\n\t\t\t\t<div class=\"elementor-element elementor-element-a695d3d elementor-align-justify elementor-widget elementor-widget-button\" data-id=\"a695d3d\" data-element_type=\"widget\" data-e-type=\"widget\" data-widget_type=\"button.default\">\n\t\t\t\t<div class=\"elementor-widget-container\">\n\t\t\t\t\t\t\t\t\t<div class=\"elementor-button-wrapper\">\n\t\t\t\t\t<a class=\"elementor-button elementor-button-link elementor-size-sm\" href=\"https:\/\/www.hotelsporting-morzine.com.preprod.eliophot.dev\/en\/chambres\/\">\n\t\t\t\t\t\t<span class=\"elementor-button-content-wrapper\">\n\t\t\t\t\t\t\t\t\t<span class=\"elementor-button-text\">Discover<\/span>\n\t\t\t\t\t<\/span>\n\t\t\t\t\t<\/a>\n\t\t\t\t<\/div>\n\t\t\t\t\t\t\t\t<\/div>\n\t\t\t\t<\/div>\n\t\t\t\t\t<\/div>\n\t\t\t\t<\/div>\n\t\t\t\t\t<\/div>\n\t\t\t\t<\/div>\n\t\t\t\t\t<\/div>\n\t\t\t\t<\/div>\n\t\t<div class=\"elementor-element elementor-element-3f1dfcb fade-maillage-container e-flex e-con-boxed e-con e-child\" data-id=\"3f1dfcb\" data-element_type=\"container\" data-e-type=\"container\" data-settings=\"{&quot;background_background&quot;:&quot;classic&quot;}\">\n\t\t\t\t\t<div class=\"e-con-inner\">\n\t\t<div class=\"elementor-element elementor-element-d02e789 fade-maillage-block e-flex e-con-boxed e-con e-child\" data-id=\"d02e789\" data-element_type=\"container\" data-e-type=\"container\">\n\t\t\t\t\t<div class=\"e-con-inner\">\n\t\t\t\t<div class=\"elementor-element elementor-element-078c5dd fade-maillage-title elementor-widget elementor-widget-heading\" data-id=\"078c5dd\" data-element_type=\"widget\" data-e-type=\"widget\" data-widget_type=\"heading.default\">\n\t\t\t\t<div class=\"elementor-widget-container\">\n\t\t\t\t\t<h2 class=\"elementor-heading-title elementor-size-default\">Tourism<\/h2>\t\t\t\t<\/div>\n\t\t\t\t<\/div>\n\t\t<div class=\"elementor-element elementor-element-27cf511 fade-button button-2 e-flex e-con-boxed e-con e-child\" data-id=\"27cf511\" data-element_type=\"container\" data-e-type=\"container\">\n\t\t\t\t\t<div class=\"e-con-inner\">\n\t\t\t\t<div class=\"elementor-element elementor-element-878a541 elementor-align-justify elementor-widget elementor-widget-button\" data-id=\"878a541\" data-element_type=\"widget\" data-e-type=\"widget\" data-widget_type=\"button.default\">\n\t\t\t\t<div class=\"elementor-widget-container\">\n\t\t\t\t\t\t\t\t\t<div class=\"elementor-button-wrapper\">\n\t\t\t\t\t<a class=\"elementor-button elementor-button-link elementor-size-sm\" href=\"https:\/\/www.hotelsporting-morzine.com.preprod.eliophot.dev\/en\/tourisme\/\">\n\t\t\t\t\t\t<span class=\"elementor-button-content-wrapper\">\n\t\t\t\t\t\t\t\t\t<span class=\"elementor-button-text\">Discover<\/span>\n\t\t\t\t\t<\/span>\n\t\t\t\t\t<\/a>\n\t\t\t\t<\/div>\n\t\t\t\t\t\t\t\t<\/div>\n\t\t\t\t<\/div>\n\t\t\t\t\t<\/div>\n\t\t\t\t<\/div>\n\t\t\t\t\t<\/div>\n\t\t\t\t<\/div>\n\t\t\t\t\t<\/div>\n\t\t\t\t<\/div>\n\t\t<div class=\"elementor-element elementor-element-e8e0069 fade-maillage-container e-flex e-con-boxed e-con e-child\" data-id=\"e8e0069\" data-element_type=\"container\" data-e-type=\"container\" data-settings=\"{&quot;background_background&quot;:&quot;classic&quot;}\">\n\t\t\t\t\t<div class=\"e-con-inner\">\n\t\t<div class=\"elementor-element elementor-element-99d063e fade-maillage-block e-flex e-con-boxed e-con e-child\" data-id=\"99d063e\" data-element_type=\"container\" data-e-type=\"container\">\n\t\t\t\t\t<div class=\"e-con-inner\">\n\t\t\t\t<div class=\"elementor-element elementor-element-5bc8745 fade-maillage-title elementor-widget elementor-widget-heading\" data-id=\"5bc8745\" data-element_type=\"widget\" data-e-type=\"widget\" data-widget_type=\"heading.default\">\n\t\t\t\t<div class=\"elementor-widget-container\">\n\t\t\t\t\t<h2 class=\"elementor-heading-title elementor-size-default\">Access &amp; contact<\/h2>\t\t\t\t<\/div>\n\t\t\t\t<\/div>\n\t\t<div class=\"elementor-element elementor-element-c28f657 fade-button button-2 e-flex e-con-boxed e-con e-child\" data-id=\"c28f657\" data-element_type=\"container\" data-e-type=\"container\">\n\t\t\t\t\t<div class=\"e-con-inner\">\n\t\t\t\t<div class=\"elementor-element elementor-element-ccd27e5 elementor-align-justify elementor-widget elementor-widget-button\" data-id=\"ccd27e5\" data-element_type=\"widget\" data-e-type=\"widget\" data-widget_type=\"button.default\">\n\t\t\t\t<div class=\"elementor-widget-container\">\n\t\t\t\t\t\t\t\t\t<div class=\"elementor-button-wrapper\">\n\t\t\t\t\t<a class=\"elementor-button elementor-button-link elementor-size-sm\" href=\"https:\/\/www.hotelsporting-morzine.com.preprod.eliophot.dev\/en\/acces-contact\/\">\n\t\t\t\t\t\t<span class=\"elementor-button-content-wrapper\">\n\t\t\t\t\t\t\t\t\t<span class=\"elementor-button-text\">Discover<\/span>\n\t\t\t\t\t<\/span>\n\t\t\t\t\t<\/a>\n\t\t\t\t<\/div>\n\t\t\t\t\t\t\t\t<\/div>\n\t\t\t\t<\/div>\n\t\t\t\t\t<\/div>\n\t\t\t\t<\/div>\n\t\t\t\t\t<\/div>\n\t\t\t\t<\/div>\n\t\t\t\t\t<\/div>\n\t\t\t\t<\/div>\n\t\t\t\t<\/div>\n\t\t\t\t<\/div>","protected":false},"excerpt":{"rendered":"<p>Espace d\u00e9tente H\u00f4tel spa \u00e0 Morzine H\u00f4tel &amp; Spa \u00e0 Morzine Piscine chauff\u00e9e, sauna, hammam\u2026 A l\u2019ext\u00e9rieur, la magie des montagnes de la Haute-Savoie. A l\u2019int\u00e9rieur, le charme d\u2019un espace d\u00e9di\u00e9 \u00e0 la beaut\u00e9 et au bien-\u00eatre. Notre h\u00f4tel spa situ\u00e9 dans le village de Morzine dispose d\u2019un sauna, d\u2019un hammam, d\u2019une cabine de soins [&hellip;]<\/p>\n","protected":false},"author":7,"featured_media":0,"parent":0,"menu_order":0,"comment_status":"closed","ping_status":"closed","template":"","meta":{"_acf_changed":false,"inline_featured_image":false,"footnotes":""},"class_list":["post-68","page","type-page","status-publish","hentry"],"acf":[],"_links":{"self":[{"href":"https:\/\/www.hotelsporting-morzine.com.preprod.eliophot.dev\/en\/wp-json\/wp\/v2\/pages\/68","targetHints":{"allow":["GET"]}}],"collection":[{"href":"https:\/\/www.hotelsporting-morzine.com.preprod.eliophot.dev\/en\/wp-json\/wp\/v2\/pages"}],"about":[{"href":"https:\/\/www.hotelsporting-morzine.com.preprod.eliophot.dev\/en\/wp-json\/wp\/v2\/types\/page"}],"author":[{"embeddable":true,"href":"https:\/\/www.hotelsporting-morzine.com.preprod.eliophot.dev\/en\/wp-json\/wp\/v2\/users\/7"}],"replies":[{"embeddable":true,"href":"https:\/\/www.hotelsporting-morzine.com.preprod.eliophot.dev\/en\/wp-json\/wp\/v2\/comments?post=68"}],"version-history":[{"count":287,"href":"https:\/\/www.hotelsporting-morzine.com.preprod.eliophot.dev\/en\/wp-json\/wp\/v2\/pages\/68\/revisions"}],"predecessor-version":[{"id":4268,"href":"https:\/\/www.hotelsporting-morzine.com.preprod.eliophot.dev\/en\/wp-json\/wp\/v2\/pages\/68\/revisions\/4268"}],"wp:attachment":[{"href":"https:\/\/www.hotelsporting-morzine.com.preprod.eliophot.dev\/en\/wp-json\/wp\/v2\/media?parent=68"}],"curies":[{"name":"wp","href":"https:\/\/api.w.org\/{rel}","templated":true}]}}